{"id":13861,"date":"2025-06-24T19:16:39","date_gmt":"2025-06-24T16:16:39","guid":{"rendered":"https:\/\/esim-reviews.com\/rehberler\/"},"modified":"2026-04-09T20:35:48","modified_gmt":"2026-04-09T17:35:48","slug":"rehberler","status":"publish","type":"page","link":"https:\/\/esim-reviews.com\/tr\/rehberler\/","title":{"rendered":"Rehberler"},"content":{"rendered":"\t\t<div data-elementor-type=\"wp-page\" data-elementor-id=\"13861\" class=\"elementor elementor-13861 elementor-1625\" data-elementor-post-type=\"page\">\n\t\t\t\t<div class=\"elementor-element elementor-element-d0360c8 e-flex e-con-boxed e-con e-child\" data-id=\"d0360c8\" data-element_type=\"container\" data-e-type=\"container\">\n\t\t\t\t\t<div class=\"e-con-inner\">\n\t\t\t\t<div class=\"elementor-element elementor-element-a43456b elementor-posts__hover-none elementor-grid-3 elementor-grid-tablet-2 elementor-grid-mobile-1 elementor-posts--thumbnail-top elementor-card-shadow-yes elementor-widget elementor-widget-posts\" data-id=\"a43456b\" data-element_type=\"widget\" data-e-type=\"widget\" data-settings=\"{&quot;cards_row_gap&quot;:{&quot;unit&quot;:&quot;em&quot;,&quot;size&quot;:3.5,&quot;sizes&quot;:[]},&quot;cards_row_gap_laptop&quot;:{&quot;unit&quot;:&quot;em&quot;,&quot;size&quot;:&quot;&quot;,&quot;sizes&quot;:[]},&quot;cards_row_gap_tablet&quot;:{&quot;unit&quot;:&quot;em&quot;,&quot;size&quot;:&quot;&quot;,&quot;sizes&quot;:[]},&quot;cards_row_gap_mobile&quot;:{&quot;unit&quot;:&quot;em&quot;,&quot;size&quot;:&quot;&quot;,&quot;sizes&quot;:[]},&quot;cards_columns&quot;:&quot;3&quot;,&quot;cards_columns_tablet&quot;:&quot;2&quot;,&quot;cards_columns_mobile&quot;:&quot;1&quot;}\" data-widget_type=\"posts.cards\">\n\t\t\t\t<div class=\"elementor-widget-container\">\n\t\t\t\t\t\t\t<div class=\"elementor-posts-container elementor-posts elementor-posts--skin-cards elementor-grid\" role=\"list\">\n\t\t\t\t<article class=\"elementor-post elementor-grid-item post-18575 page type-page status-publish has-post-thumbnail hentry\" role=\"listitem\">\n\t\t\t<div class=\"elementor-post__card\">\n\t\t\t\t<a class=\"elementor-post__thumbnail__link\" href=\"https:\/\/esim-reviews.com\/tr\/rehberler\/esim-video-rehberi\/\" tabindex=\"-1\" target=\"_blank\"><div class=\"elementor-post__thumbnail\"><img fetchpriority=\"high\" decoding=\"async\" width=\"1000\" height=\"667\" src=\"https:\/\/esim-reviews.com\/wp-content\/uploads\/2025\/07\/eSIM-Guide-and-Tutorials.jpg\" class=\"attachment-full size-full wp-image-13843\" alt=\"eSIM Rehberi ve E\u011fitimleri\" srcset=\"https:\/\/esim-reviews.com\/wp-content\/uploads\/2025\/07\/eSIM-Guide-and-Tutorials.jpg 1000w, https:\/\/esim-reviews.com\/wp-content\/uploads\/2025\/07\/eSIM-Guide-and-Tutorials-768x512.jpg 768w, https:\/\/esim-reviews.com\/wp-content\/uploads\/2025\/07\/eSIM-Guide-and-Tutorials-150x100.jpg 150w, https:\/\/esim-reviews.com\/wp-content\/uploads\/2025\/07\/eSIM-Guide-and-Tutorials-450x300.jpg 450w\" sizes=\"(max-width: 1000px) 100vw, 1000px\" title=\"- eSIM Reviews\"><\/div><\/a>\n\t\t\t\t<div class=\"elementor-post__text\">\n\t\t\t\t<h3 class=\"elementor-post__title\">\n\t\t\t<a href=\"https:\/\/esim-reviews.com\/tr\/rehberler\/esim-video-rehberi\/\">\n\t\t\t\teSIM Video Rehberi\t\t\t<\/a>\n\t\t<\/h3>\n\t\t\t\t<div class=\"elementor-post__excerpt\">\n\t\t\t<p>\ud83d\udc49 Eksiksiz eSIM Video Rehberin Seyahat eSIM plan\u0131n\u0131 se\u00e7meden \u00f6nce bilmen gereken her \u015fey &#8211; tek bir videoda a\u00e7\u0131klan\u0131yor!eSIM&#8217;in ne oldu\u011funu \u00f6\u011fren, cihaz\u0131n\u0131n uyumlu olup olmad\u0131\u011f\u0131n\u0131 kontrol et, do\u011fru plan\u0131<\/p>\n\t\t<\/div>\n\t\t\n\t\t<a class=\"elementor-post__read-more\" href=\"https:\/\/esim-reviews.com\/tr\/rehberler\/esim-video-rehberi\/\" aria-label=\"Read more about eSIM Video Rehberi\" tabindex=\"-1\" target=\"_blank\">\n\t\t\tDevam\u0131n\u0131 oku \u00bb\t\t<\/a>\n\n\t\t\t\t<\/div>\n\t\t\t\t\t<\/div>\n\t\t<\/article>\n\t\t\t\t<article class=\"elementor-post elementor-grid-item post-13889 page type-page status-publish has-post-thumbnail hentry\" role=\"listitem\">\n\t\t\t<div class=\"elementor-post__card\">\n\t\t\t\t<a class=\"elementor-post__thumbnail__link\" href=\"https:\/\/esim-reviews.com\/tr\/rehberler\/esim-uyumlu-cihazlar\/\" tabindex=\"-1\" target=\"_blank\"><div class=\"elementor-post__thumbnail\"><img decoding=\"async\" width=\"1000\" height=\"667\" src=\"https:\/\/esim-reviews.com\/wp-content\/uploads\/2025\/07\/eSIM-Compatible-Devices.jpg\" class=\"attachment-full size-full wp-image-13874\" alt=\"eSIM Uyumlu Cihazlar\" srcset=\"https:\/\/esim-reviews.com\/wp-content\/uploads\/2025\/07\/eSIM-Compatible-Devices.jpg 1000w, https:\/\/esim-reviews.com\/wp-content\/uploads\/2025\/07\/eSIM-Compatible-Devices-768x512.jpg 768w, https:\/\/esim-reviews.com\/wp-content\/uploads\/2025\/07\/eSIM-Compatible-Devices-150x100.jpg 150w, https:\/\/esim-reviews.com\/wp-content\/uploads\/2025\/07\/eSIM-Compatible-Devices-450x300.jpg 450w\" sizes=\"(max-width: 1000px) 100vw, 1000px\" title=\"- eSIM Reviews\"><\/div><\/a>\n\t\t\t\t<div class=\"elementor-post__text\">\n\t\t\t\t<h3 class=\"elementor-post__title\">\n\t\t\t<a href=\"https:\/\/esim-reviews.com\/tr\/rehberler\/esim-uyumlu-cihazlar\/\">\n\t\t\t\teSIM uyumlu cihazlar\t\t\t<\/a>\n\t\t<\/h3>\n\t\t\t\t<div class=\"elementor-post__excerpt\">\n\t\t\t\t\t<\/div>\n\t\t\n\t\t<a class=\"elementor-post__read-more\" href=\"https:\/\/esim-reviews.com\/tr\/rehberler\/esim-uyumlu-cihazlar\/\" aria-label=\"Read more about eSIM uyumlu cihazlar\" tabindex=\"-1\" target=\"_blank\">\n\t\t\tDevam\u0131n\u0131 oku \u00bb\t\t<\/a>\n\n\t\t\t\t<\/div>\n\t\t\t\t\t<\/div>\n\t\t<\/article>\n\t\t\t\t<\/div>\n\t\t\n\t\t\t\t\t\t<\/div>\n\t\t\t\t<\/div>\n\t\t\t\t\t<\/div>\n\t\t\t\t<\/div>\n\t\t\t\t<\/div>\n\t\t","protected":false},"excerpt":{"rendered":"","protected":false},"author":1,"featured_media":13843,"parent":0,"menu_order":0,"comment_status":"closed","ping_status":"closed","template":"","meta":{"footnotes":""},"class_list":["post-13861","page","type-page","status-publish","has-post-thumbnail","hentry"],"_links":{"self":[{"href":"https:\/\/esim-reviews.com\/tr\/wp-json\/wp\/v2\/pages\/13861","targetHints":{"allow":["GET"]}}],"collection":[{"href":"https:\/\/esim-reviews.com\/tr\/wp-json\/wp\/v2\/pages"}],"about":[{"href":"https:\/\/esim-reviews.com\/tr\/wp-json\/wp\/v2\/types\/page"}],"author":[{"embeddable":true,"href":"https:\/\/esim-reviews.com\/tr\/wp-json\/wp\/v2\/users\/1"}],"replies":[{"embeddable":true,"href":"https:\/\/esim-reviews.com\/tr\/wp-json\/wp\/v2\/comments?post=13861"}],"version-history":[{"count":1,"href":"https:\/\/esim-reviews.com\/tr\/wp-json\/wp\/v2\/pages\/13861\/revisions"}],"predecessor-version":[{"id":27673,"href":"https:\/\/esim-reviews.com\/tr\/wp-json\/wp\/v2\/pages\/13861\/revisions\/27673"}],"wp:featuredmedia":[{"embeddable":true,"href":"https:\/\/esim-reviews.com\/tr\/wp-json\/wp\/v2\/media\/13843"}],"wp:attachment":[{"href":"https:\/\/esim-reviews.com\/tr\/wp-json\/wp\/v2\/media?parent=13861"}],"curies":[{"name":"wp","href":"https:\/\/api.w.org\/{rel}","templated":true}]}}