{"id":13156,"date":"2025-07-18T17:14:46","date_gmt":"2025-07-18T14:14:46","guid":{"rendered":"https:\/\/esim-reviews.com\/hukum-ve-kosullar\/"},"modified":"2026-04-09T20:34:58","modified_gmt":"2026-04-09T17:34:58","slug":"hukum-ve-kosullar","status":"publish","type":"page","link":"https:\/\/esim-reviews.com\/tr\/hukum-ve-kosullar\/","title":{"rendered":"H\u00fck\u00fcm ve ko\u015fullar"},"content":{"rendered":"\t\t<div data-elementor-type=\"wp-page\" data-elementor-id=\"13156\" class=\"elementor elementor-13156 elementor-5153\" data-elementor-post-type=\"page\">\n\t\t\t\t<div class=\"elementor-element elementor-element-62c9273 e-flex e-con-boxed e-con e-parent\" data-id=\"62c9273\" data-element_type=\"container\" data-e-type=\"container\">\n\t\t\t\t\t<div class=\"e-con-inner\">\n\t\t\t\t<div class=\"elementor-element elementor-element-ba6e7a0 elementor-widget elementor-widget-text-editor\" data-id=\"ba6e7a0\" data-element_type=\"widget\" data-e-type=\"widget\" data-widget_type=\"text-editor.default\">\n\t\t\t\t<div class=\"elementor-widget-container\">\n\t\t\t\t\t\t\t\t\t<p data-start=\"1938\" data-end=\"2025\">eSIM Reviews&#8217;a ho\u015f geldiniz. Bu web sitesini kullanarak a\u015fa\u011f\u0131daki \u015fartlar\u0131 kabul etmi\u015f olursunuz:<\/p><h3 data-start=\"2027\" data-end=\"2053\">1. \u0130\u00e7eri\u011fimiz Hakk\u0131nda<\/h3><ul data-start=\"2055\" data-end=\"2267\"><li data-start=\"2055\" data-end=\"2122\"><p data-start=\"2057\" data-end=\"2122\">\u0130\u00e7eri\u011fimiz yaln\u0131zca bilgilendirme ve e\u011fitim ama\u00e7l\u0131d\u0131r.<\/p><\/li><li data-start=\"2123\" data-end=\"2209\"><p data-start=\"2125\" data-end=\"2209\">eSIM sa\u011flay\u0131c\u0131lar\u0131yla ilgili ba\u011f\u0131ms\u0131z incelemeler, kar\u015f\u0131la\u015ft\u0131rmalar ve rehberler sunuyoruz.<\/p><\/li><li data-start=\"2210\" data-end=\"2267\"><p data-start=\"2212\" data-end=\"2267\">eSIM hizmetlerini do\u011frudan satm\u0131yor veya <strong data-start=\"2218\" data-end=\"2225\">sa\u011flam\u0131yoruz<\/strong>.<\/p><\/li><\/ul><h3 data-start=\"2269\" data-end=\"2298\">2. Ortakl\u0131k Bildirimi<\/h3><p data-start=\"2300\" data-end=\"2451\">Bu sitedeki ortakl\u0131k ba\u011flant\u0131lar\u0131 \u00fczerinden yap\u0131lan sat\u0131n al\u0131mlardan komisyon kazanabiliriz. Bu durum edit\u00f6ryal b\u00fct\u00fcnl\u00fc\u011f\u00fcm\u00fcz\u00fc veya inceleme s\u00fcrecimizi <strong data-start=\"2392\" data-end=\"2399\">etkilemez<\/strong>. <\/p><h3 data-start=\"2453\" data-end=\"2485\">3. Bilgi Do\u011frulu\u011fu<\/h3><p data-start=\"2487\" data-end=\"2674\">Do\u011fruluk i\u00e7in \u00e7aba g\u00f6stermemize ra\u011fmen, bilgilerin eksiksizli\u011fi veya do\u011frulu\u011fu konusunda hi\u00e7bir garanti vermiyoruz. Sat\u0131n alma \u00f6ncesinde detaylar\u0131 her zaman do\u011frudan eSIM sa\u011flay\u0131c\u0131s\u0131yla do\u011frula. <\/p><h3 data-start=\"2676\" data-end=\"2708\">4. Sorumluluk S\u0131n\u0131rlamas\u0131<\/h3><p data-start=\"2710\" data-end=\"2876\">\u0130\u00e7eri\u011fimizin veya tavsiyelerimizin kullan\u0131m\u0131ndan kaynaklanan herhangi bir kay\u0131p, hasar veya sonu\u00e7tan sorumlu de\u011filiz. Kararlar\u0131n\u0131z tamamen sizin sorumlulu\u011funuzdad\u0131r.<\/p><h3 data-start=\"2878\" data-end=\"2906\">5. Kullan\u0131c\u0131 Sorumlulu\u011fu<\/h3><ul data-start=\"2908\" data-end=\"3047\"><li data-start=\"2908\" data-end=\"2977\"><p data-start=\"2910\" data-end=\"2977\">Sat\u0131n almadan \u00f6nce herhangi bir \u00fcr\u00fcn veya hizmetin ihtiya\u00e7lar\u0131n\u0131 kar\u015f\u0131lad\u0131\u011f\u0131ndan emin ol.<\/p><\/li><li data-start=\"2978\" data-end=\"3047\"><p data-start=\"2980\" data-end=\"3047\">Yerel d\u00fczenlemeleri, operat\u00f6r ko\u015fullar\u0131n\u0131 ve cihaz uyumlulu\u011funu kontrol et.<\/p><\/li><\/ul><h3 data-start=\"3049\" data-end=\"3079\">6. Fikri M\u00fclkiyet<\/h3><p data-start=\"3081\" data-end=\"3194\">Aksi belirtilmedik\u00e7e, t\u00fcm site i\u00e7eri\u011fi eSIM Reviews&#8217;a aittir. Yetkisiz \u00e7o\u011faltma yasakt\u0131r.<\/p><h3 data-start=\"3196\" data-end=\"3218\">7. Ge\u00e7erli Hukuk<\/h3><p data-start=\"3220\" data-end=\"3282\">Bu Ko\u015fullar \u0130srail Devleti yasalar\u0131na tabidir.<\/p>\t\t\t\t\t\t\t\t<\/div>\n\t\t\t\t<\/div>\n\t\t\t\t\t<\/div>\n\t\t\t\t<\/div>\n\t\t<div class=\"elementor-element elementor-element-2458c92 e-flex e-con-boxed e-con e-parent\" data-id=\"2458c92\" data-element_type=\"container\" data-e-type=\"container\">\n\t\t\t\t\t<div class=\"e-con-inner\">\n\t\t\t\t<div class=\"elementor-element elementor-element-9bc80a7 elementor-widget-divider--view-line elementor-widget elementor-widget-divider\" data-id=\"9bc80a7\" data-element_type=\"widget\" data-e-type=\"widget\" data-widget_type=\"divider.default\">\n\t\t\t\t<div class=\"elementor-widget-container\">\n\t\t\t\t\t\t\t<div class=\"elementor-divider\">\n\t\t\t<span class=\"elementor-divider-separator\">\n\t\t\t\t\t\t<\/span>\n\t\t<\/div>\n\t\t\t\t\t\t<\/div>\n\t\t\t\t<\/div>\n\t\t\t\t\t<\/div>\n\t\t\t\t<\/div>\n\t\t<div class=\"elementor-element elementor-element-a468f9b e-flex e-con-boxed e-con e-parent\" data-id=\"a468f9b\" data-element_type=\"container\" data-e-type=\"container\">\n\t\t\t\t\t<div class=\"e-con-inner\">\n\t\t\t\t<div class=\"elementor-element elementor-element-18eb706 elementor-widget elementor-widget-text-editor\" data-id=\"18eb706\" data-element_type=\"widget\" data-e-type=\"widget\" data-widget_type=\"text-editor.default\">\n\t\t\t\t<div class=\"elementor-widget-container\">\n\t\t\t\t\t\t\t\t\t<h2 data-start=\"3289\" data-end=\"3304\">Sorumluluk Reddi<\/h2><p data-start=\"3306\" data-end=\"3396\"><strong data-start=\"3334\" data-end=\"3350\">eSIM Reviews<\/strong>&#8216;ta sa\u011flanan bilgiler yaln\u0131zca genel bilgilendirme ama\u00e7l\u0131d\u0131r.<\/p><ul data-start=\"3398\" data-end=\"3688\"><li data-start=\"3398\" data-end=\"3480\"><p data-start=\"3400\" data-end=\"3480\">Bilgilerin do\u011frulu\u011fu, eksiksizli\u011fi veya g\u00fcvenilirli\u011fini garanti etmiyoruz.<\/p><\/li><li data-start=\"3481\" data-end=\"3556\"><p data-start=\"3483\" data-end=\"3556\">\u0130\u00e7eri\u011fimize dayal\u0131 olarak verilen kararlardan <strong data-start=\"3490\" data-end=\"3497\">sorumlu de\u011filiz<\/strong>.<\/p><\/li><li data-start=\"3557\" data-end=\"3614\"><p data-start=\"3559\" data-end=\"3614\">Eylem ve kararlar\u0131n riski tamamen sana aittir.<\/p><\/li><li data-start=\"3615\" data-end=\"3688\"><p data-start=\"3617\" data-end=\"3688\">Herhangi bir \u00fcr\u00fcn veya hizmet sat\u0131n almadan \u00f6nce her zaman kendi ara\u015ft\u0131rman\u0131 yap.<\/p><\/li><\/ul><p data-start=\"3690\" data-end=\"3818\">Ba\u011fl\u0131 Kurulu\u015f Feragati: Bu sitedeki ba\u011flant\u0131lardan komisyon kazanabiliriz. Bu, incelemelerimizi veya g\u00f6r\u00fc\u015flerimizi etkilemez.<\/p><p data-start=\"3820\" data-end=\"3945\"><strong data-start=\"3820\" data-end=\"3847\">Profesyonel Tavsiye De\u011fildir:<\/strong><br data-start=\"3847\" data-end=\"3850\">Bu sitedeki i\u00e7erik profesyonel, hukuki, finansal veya teknik tavsiye niteli\u011fi ta\u015f\u0131maz.<\/p>\t\t\t\t\t\t\t\t<\/div>\n\t\t\t\t<\/div>\n\t\t\t\t\t<\/div>\n\t\t\t\t<\/div>\n\t\t<div class=\"elementor-element elementor-element-72daeb9 e-flex e-con-boxed e-con e-parent\" data-id=\"72daeb9\" data-element_type=\"container\" data-e-type=\"container\">\n\t\t\t\t\t<div class=\"e-con-inner\">\n\t\t\t\t<div class=\"elementor-element elementor-element-0a04d69 elementor-widget-divider--view-line elementor-widget elementor-widget-divider\" data-id=\"0a04d69\" data-element_type=\"widget\" data-e-type=\"widget\" data-widget_type=\"divider.default\">\n\t\t\t\t<div class=\"elementor-widget-container\">\n\t\t\t\t\t\t\t<div class=\"elementor-divider\">\n\t\t\t<span class=\"elementor-divider-separator\">\n\t\t\t\t\t\t<\/span>\n\t\t<\/div>\n\t\t\t\t\t\t<\/div>\n\t\t\t\t<\/div>\n\t\t\t\t\t<\/div>\n\t\t\t\t<\/div>\n\t\t<div class=\"elementor-element elementor-element-2a4fb0e e-flex e-con-boxed e-con e-parent\" data-id=\"2a4fb0e\" data-element_type=\"container\" data-e-type=\"container\">\n\t\t\t\t\t<div class=\"e-con-inner\">\n\t\t\t\t<div class=\"elementor-element elementor-element-4b014ca elementor-widget elementor-widget-text-editor\" data-id=\"4b014ca\" data-element_type=\"widget\" data-e-type=\"widget\" data-widget_type=\"text-editor.default\">\n\t\t\t\t<div class=\"elementor-widget-container\">\n\t\t\t\t\t\t\t\t\t<h2 data-start=\"3952\" data-end=\"3967\">Bize ula\u015f<\/h2><p data-start=\"3969\" data-end=\"4056\">Gizlilik Politikam\u0131z, Ko\u015fullar\u0131m\u0131z veya Sorumluluk Reddimiz hakk\u0131nda sorular\u0131n\u0131z varsa l\u00fctfen ileti\u015fime ge\u00e7in:<\/p><p data-start=\"4058\" data-end=\"4095\"><strong data-start=\"4058\" data-end=\"4068\">Email:<\/strong> <a class=\"cursor-pointer\" href=\"mailto:contact-us@esim-reviews.com\" rel=\"noopener\" data-start=\"4069\" data-end=\"4093\">contact-us@esim-reviews.com<\/a><\/p>\t\t\t\t\t\t\t\t<\/div>\n\t\t\t\t<\/div>\n\t\t\t\t\t<\/div>\n\t\t\t\t<\/div>\n\t\t\t\t<\/div>\n\t\t","protected":false},"excerpt":{"rendered":"<p>eSIM Reviews&#8217;a ho\u015f geldiniz. Bu web sitesini kullanarak a\u015fa\u011f\u0131daki \u015fartlar\u0131 kabul etmi\u015f olursunuz: 1. \u0130\u00e7eri\u011fimiz Hakk\u0131nda \u0130\u00e7eri\u011fimiz yaln\u0131zca bilgilendirme ve e\u011fitim ama\u00e7l\u0131d\u0131r. eSIM sa\u011flay\u0131c\u0131lar\u0131yla ilgili ba\u011f\u0131ms\u0131z incelemeler, kar\u015f\u0131la\u015ft\u0131rmalar ve rehberler sunuyoruz. eSIM hizmetlerini do\u011frudan satm\u0131yor veya sa\u011flam\u0131yoruz. 2. Ortakl\u0131k Bildirimi Bu sitedeki ortakl\u0131k ba\u011flant\u0131lar\u0131 \u00fczerinden yap\u0131lan sat\u0131n al\u0131mlardan komisyon kazanabiliriz. Bu durum edit\u00f6ryal b\u00fct\u00fcnl\u00fc\u011f\u00fcm\u00fcz\u00fc veya [&hellip;]<\/p>\n","protected":false},"author":1,"featured_media":0,"parent":0,"menu_order":0,"comment_status":"closed","ping_status":"closed","template":"","meta":{"footnotes":""},"class_list":["post-13156","page","type-page","status-publish","hentry"],"_links":{"self":[{"href":"https:\/\/esim-reviews.com\/tr\/wp-json\/wp\/v2\/pages\/13156","targetHints":{"allow":["GET"]}}],"collection":[{"href":"https:\/\/esim-reviews.com\/tr\/wp-json\/wp\/v2\/pages"}],"about":[{"href":"https:\/\/esim-reviews.com\/tr\/wp-json\/wp\/v2\/types\/page"}],"author":[{"embeddable":true,"href":"https:\/\/esim-reviews.com\/tr\/wp-json\/wp\/v2\/users\/1"}],"replies":[{"embeddable":true,"href":"https:\/\/esim-reviews.com\/tr\/wp-json\/wp\/v2\/comments?post=13156"}],"version-history":[{"count":1,"href":"https:\/\/esim-reviews.com\/tr\/wp-json\/wp\/v2\/pages\/13156\/revisions"}],"predecessor-version":[{"id":27668,"href":"https:\/\/esim-reviews.com\/tr\/wp-json\/wp\/v2\/pages\/13156\/revisions\/27668"}],"wp:attachment":[{"href":"https:\/\/esim-reviews.com\/tr\/wp-json\/wp\/v2\/media?parent=13156"}],"curies":[{"name":"wp","href":"https:\/\/api.w.org\/{rel}","templated":true}]}}