{"id":13154,"date":"2025-07-18T17:14:46","date_gmt":"2025-07-18T14:14:46","guid":{"rendered":"https:\/\/esim-reviews.com\/termos-e-condicoes\/"},"modified":"2026-04-09T20:45:31","modified_gmt":"2026-04-09T17:45:31","slug":"termos-e-condicoes","status":"publish","type":"page","link":"https:\/\/esim-reviews.com\/pt-br\/termos-e-condicoes\/","title":{"rendered":"Termos e condi\u00e7\u00f5es"},"content":{"rendered":"\t\t<div data-elementor-type=\"wp-page\" data-elementor-id=\"13154\" class=\"elementor elementor-13154 elementor-5153\" data-elementor-post-type=\"page\">\n\t\t\t\t<div class=\"elementor-element elementor-element-62c9273 e-flex e-con-boxed e-con e-parent\" data-id=\"62c9273\" data-element_type=\"container\" data-e-type=\"container\">\n\t\t\t\t\t<div class=\"e-con-inner\">\n\t\t\t\t<div class=\"elementor-element elementor-element-ba6e7a0 elementor-widget elementor-widget-text-editor\" data-id=\"ba6e7a0\" data-element_type=\"widget\" data-e-type=\"widget\" data-widget_type=\"text-editor.default\">\n\t\t\t\t<div class=\"elementor-widget-container\">\n\t\t\t\t\t\t\t\t\t<p data-start=\"1938\" data-end=\"2025\">Bem-vindo ao eSIM Reviews. Ao usar este site, voc\u00ea concorda com os seguintes termos:<\/p><h3 data-start=\"2027\" data-end=\"2053\">1. Sobre Nosso Conte\u00fado<\/h3><ul data-start=\"2055\" data-end=\"2267\"><li data-start=\"2055\" data-end=\"2122\"><p data-start=\"2057\" data-end=\"2122\">Nosso conte\u00fado \u00e9 apenas para fins informativos e educacionais.<\/p><\/li><li data-start=\"2123\" data-end=\"2209\"><p data-start=\"2125\" data-end=\"2209\">Fornecemos an\u00e1lises independentes, compara\u00e7\u00f5es e guias relacionados a provedores de eSIM.<\/p><\/li><li data-start=\"2210\" data-end=\"2267\"><p data-start=\"2212\" data-end=\"2267\">N\u00f3s <strong data-start=\"2218\" data-end=\"2225\">n\u00e3o<\/strong> vendemos nem fornecemos servi\u00e7os de eSIM diretamente.<\/p><\/li><\/ul><h3 data-start=\"2269\" data-end=\"2298\">2. Divulga\u00e7\u00e3o de Afiliados<\/h3><p data-start=\"2300\" data-end=\"2451\">Podemos receber comiss\u00f5es de compras feitas atrav\u00e9s de links de afiliados neste site. Isso <strong data-start=\"2392\" data-end=\"2399\">n\u00e3o<\/strong> afeta nossa integridade editorial ou processo de an\u00e1lise. <\/p><h3 data-start=\"2453\" data-end=\"2485\">3. Precis\u00e3o das Informa\u00e7\u00f5es<\/h3><p data-start=\"2487\" data-end=\"2674\">Embora nos esforcemos pela precis\u00e3o, n\u00e3o garantimos a completude ou corre\u00e7\u00e3o das informa\u00e7\u00f5es. Sempre verifique os detalhes diretamente com o provedor de eSIM antes de fazer uma compra. <\/p><h3 data-start=\"2676\" data-end=\"2708\">4. Limita\u00e7\u00e3o de Responsabilidade<\/h3><p data-start=\"2710\" data-end=\"2876\">N\u00e3o nos responsabilizamos por quaisquer perdas, danos ou consequ\u00eancias decorrentes do uso de nosso conte\u00fado ou recomenda\u00e7\u00f5es. Suas decis\u00f5es s\u00e3o de sua exclusiva responsabilidade.<\/p><h3 data-start=\"2878\" data-end=\"2906\">5. Responsabilidade do Usu\u00e1rio<\/h3><ul data-start=\"2908\" data-end=\"3047\"><li data-start=\"2908\" data-end=\"2977\"><p data-start=\"2910\" data-end=\"2977\">Certifique-se de que qualquer produto ou servi\u00e7o atenda \u00e0s suas necessidades antes de comprar.<\/p><\/li><li data-start=\"2978\" data-end=\"3047\"><p data-start=\"2980\" data-end=\"3047\">Verifique as regulamenta\u00e7\u00f5es locais, termos da operadora e compatibilidade do dispositivo.<\/p><\/li><\/ul><h3 data-start=\"3049\" data-end=\"3079\">6. Propriedade Intelectual<\/h3><p data-start=\"3081\" data-end=\"3194\">Todo o conte\u00fado do site \u00e9 de propriedade do eSIM Reviews, salvo indica\u00e7\u00e3o em contr\u00e1rio. A reprodu\u00e7\u00e3o n\u00e3o autorizada \u00e9 proibida.<\/p><h3 data-start=\"3196\" data-end=\"3218\">7. Lei Aplic\u00e1vel<\/h3><p data-start=\"3220\" data-end=\"3282\">Estes Termos s\u00e3o regidos pelas leis do Estado de Israel.<\/p>\t\t\t\t\t\t\t\t<\/div>\n\t\t\t\t<\/div>\n\t\t\t\t\t<\/div>\n\t\t\t\t<\/div>\n\t\t<div class=\"elementor-element elementor-element-2458c92 e-flex e-con-boxed e-con e-parent\" data-id=\"2458c92\" data-element_type=\"container\" data-e-type=\"container\">\n\t\t\t\t\t<div class=\"e-con-inner\">\n\t\t\t\t<div class=\"elementor-element elementor-element-9bc80a7 elementor-widget-divider--view-line elementor-widget elementor-widget-divider\" data-id=\"9bc80a7\" data-element_type=\"widget\" data-e-type=\"widget\" data-widget_type=\"divider.default\">\n\t\t\t\t<div class=\"elementor-widget-container\">\n\t\t\t\t\t\t\t<div class=\"elementor-divider\">\n\t\t\t<span class=\"elementor-divider-separator\">\n\t\t\t\t\t\t<\/span>\n\t\t<\/div>\n\t\t\t\t\t\t<\/div>\n\t\t\t\t<\/div>\n\t\t\t\t\t<\/div>\n\t\t\t\t<\/div>\n\t\t<div class=\"elementor-element elementor-element-a468f9b e-flex e-con-boxed e-con e-parent\" data-id=\"a468f9b\" data-element_type=\"container\" data-e-type=\"container\">\n\t\t\t\t\t<div class=\"e-con-inner\">\n\t\t\t\t<div class=\"elementor-element elementor-element-18eb706 elementor-widget elementor-widget-text-editor\" data-id=\"18eb706\" data-element_type=\"widget\" data-e-type=\"widget\" data-widget_type=\"text-editor.default\">\n\t\t\t\t<div class=\"elementor-widget-container\">\n\t\t\t\t\t\t\t\t\t<h2 data-start=\"3289\" data-end=\"3304\">Aviso Legal<\/h2><p data-start=\"3306\" data-end=\"3396\">As informa\u00e7\u00f5es fornecidas no <strong data-start=\"3334\" data-end=\"3350\">eSIM Reviews<\/strong> s\u00e3o apenas para fins informativos gerais.<\/p><ul data-start=\"3398\" data-end=\"3688\"><li data-start=\"3398\" data-end=\"3480\"><p data-start=\"3400\" data-end=\"3480\">N\u00e3o garantimos a precis\u00e3o, completude ou confiabilidade das informa\u00e7\u00f5es.<\/p><\/li><li data-start=\"3481\" data-end=\"3556\"><p data-start=\"3483\" data-end=\"3556\">N\u00f3s <strong data-start=\"3490\" data-end=\"3497\">n\u00e3o<\/strong> somos respons\u00e1veis por quaisquer decis\u00f5es tomadas com base em nosso conte\u00fado.<\/p><\/li><li data-start=\"3557\" data-end=\"3614\"><p data-start=\"3559\" data-end=\"3614\">Suas a\u00e7\u00f5es e decis\u00f5es s\u00e3o tomadas por sua conta e risco.<\/p><\/li><li data-start=\"3615\" data-end=\"3688\"><p data-start=\"3617\" data-end=\"3688\">Sempre fa\u00e7a sua pr\u00f3pria pesquisa antes de comprar qualquer produto ou servi\u00e7o.<\/p><\/li><\/ul><p data-start=\"3690\" data-end=\"3818\">Aviso de Afiliados: Podemos ganhar comiss\u00f5es de links neste site. Isso n\u00e3o afeta nossas avalia\u00e7\u00f5es ou opini\u00f5es.<\/p><p data-start=\"3820\" data-end=\"3945\"><strong data-start=\"3820\" data-end=\"3847\">Sem Aconselhamento Profissional:<\/strong><br data-start=\"3847\" data-end=\"3850\">O conte\u00fado deste site n\u00e3o constitui aconselhamento profissional, jur\u00eddico, financeiro ou t\u00e9cnico.<\/p>\t\t\t\t\t\t\t\t<\/div>\n\t\t\t\t<\/div>\n\t\t\t\t\t<\/div>\n\t\t\t\t<\/div>\n\t\t<div class=\"elementor-element elementor-element-72daeb9 e-flex e-con-boxed e-con e-parent\" data-id=\"72daeb9\" data-element_type=\"container\" data-e-type=\"container\">\n\t\t\t\t\t<div class=\"e-con-inner\">\n\t\t\t\t<div class=\"elementor-element elementor-element-0a04d69 elementor-widget-divider--view-line elementor-widget elementor-widget-divider\" data-id=\"0a04d69\" data-element_type=\"widget\" data-e-type=\"widget\" data-widget_type=\"divider.default\">\n\t\t\t\t<div class=\"elementor-widget-container\">\n\t\t\t\t\t\t\t<div class=\"elementor-divider\">\n\t\t\t<span class=\"elementor-divider-separator\">\n\t\t\t\t\t\t<\/span>\n\t\t<\/div>\n\t\t\t\t\t\t<\/div>\n\t\t\t\t<\/div>\n\t\t\t\t\t<\/div>\n\t\t\t\t<\/div>\n\t\t<div class=\"elementor-element elementor-element-2a4fb0e e-flex e-con-boxed e-con e-parent\" data-id=\"2a4fb0e\" data-element_type=\"container\" data-e-type=\"container\">\n\t\t\t\t\t<div class=\"e-con-inner\">\n\t\t\t\t<div class=\"elementor-element elementor-element-4b014ca elementor-widget elementor-widget-text-editor\" data-id=\"4b014ca\" data-element_type=\"widget\" data-e-type=\"widget\" data-widget_type=\"text-editor.default\">\n\t\t\t\t<div class=\"elementor-widget-container\">\n\t\t\t\t\t\t\t\t\t<h2 data-start=\"3952\" data-end=\"3967\">Entre em contato conosco<\/h2><p data-start=\"3969\" data-end=\"4056\">Se voc\u00ea tiver d\u00favidas sobre nossa Pol\u00edtica de Privacidade, Termos ou Aviso Legal, entre em contato:<\/p><p data-start=\"4058\" data-end=\"4095\"><strong data-start=\"4058\" data-end=\"4068\">Email:<\/strong> <a class=\"cursor-pointer\" href=\"mailto:contact-us@esim-reviews.com\" rel=\"noopener\" data-start=\"4069\" data-end=\"4093\">contact-us@esim-reviews.com<\/a><\/p>\t\t\t\t\t\t\t\t<\/div>\n\t\t\t\t<\/div>\n\t\t\t\t\t<\/div>\n\t\t\t\t<\/div>\n\t\t\t\t<\/div>\n\t\t","protected":false},"excerpt":{"rendered":"<p>Bem-vindo ao eSIM Reviews. Ao usar este site, voc\u00ea concorda com os seguintes termos: 1. Sobre Nosso Conte\u00fado Nosso conte\u00fado \u00e9 apenas para fins informativos e educacionais. Fornecemos an\u00e1lises independentes, compara\u00e7\u00f5es e guias relacionados a provedores de eSIM. N\u00f3s n\u00e3o vendemos nem fornecemos servi\u00e7os de eSIM diretamente. 2. Divulga\u00e7\u00e3o de Afiliados Podemos receber comiss\u00f5es de [&hellip;]<\/p>\n","protected":false},"author":1,"featured_media":0,"parent":0,"menu_order":0,"comment_status":"closed","ping_status":"closed","template":"","meta":{"footnotes":""},"class_list":["post-13154","page","type-page","status-publish","hentry"],"_links":{"self":[{"href":"https:\/\/esim-reviews.com\/pt-br\/wp-json\/wp\/v2\/pages\/13154","targetHints":{"allow":["GET"]}}],"collection":[{"href":"https:\/\/esim-reviews.com\/pt-br\/wp-json\/wp\/v2\/pages"}],"about":[{"href":"https:\/\/esim-reviews.com\/pt-br\/wp-json\/wp\/v2\/types\/page"}],"author":[{"embeddable":true,"href":"https:\/\/esim-reviews.com\/pt-br\/wp-json\/wp\/v2\/users\/1"}],"replies":[{"embeddable":true,"href":"https:\/\/esim-reviews.com\/pt-br\/wp-json\/wp\/v2\/comments?post=13154"}],"version-history":[{"count":1,"href":"https:\/\/esim-reviews.com\/pt-br\/wp-json\/wp\/v2\/pages\/13154\/revisions"}],"predecessor-version":[{"id":27727,"href":"https:\/\/esim-reviews.com\/pt-br\/wp-json\/wp\/v2\/pages\/13154\/revisions\/27727"}],"wp:attachment":[{"href":"https:\/\/esim-reviews.com\/pt-br\/wp-json\/wp\/v2\/media?parent=13154"}],"curies":[{"name":"wp","href":"https:\/\/api.w.org\/{rel}","templated":true}]}}