{"id":13936,"date":"2025-06-24T19:17:37","date_gmt":"2025-06-24T16:17:37","guid":{"rendered":"https:\/\/esim-reviews.com\/avis\/"},"modified":"2026-01-10T23:48:17","modified_gmt":"2026-01-10T20:48:17","slug":"avis","status":"publish","type":"page","link":"https:\/\/esim-reviews.com\/fr\/avis\/","title":{"rendered":"Avis"},"content":{"rendered":"\t\t<div data-elementor-type=\"wp-page\" data-elementor-id=\"13936\" class=\"elementor elementor-13936 elementor-1627\" data-elementor-post-type=\"page\">\n\t\t\t\t<div class=\"elementor-element elementor-element-ed196da e-flex e-con-boxed e-con e-child\" data-id=\"ed196da\" data-element_type=\"container\" data-e-type=\"container\">\n\t\t\t\t\t<div class=\"e-con-inner\">\n\t\t\t\t<div class=\"elementor-element elementor-element-0aeec27 elementor-posts__hover-none elementor-grid-3 elementor-grid-tablet-2 elementor-grid-mobile-1 elementor-posts--thumbnail-top elementor-card-shadow-yes elementor-widget elementor-widget-posts\" data-id=\"0aeec27\" data-element_type=\"widget\" data-e-type=\"widget\" data-settings=\"{&quot;cards_row_gap&quot;:{&quot;unit&quot;:&quot;em&quot;,&quot;size&quot;:3.5,&quot;sizes&quot;:[]},&quot;cards_row_gap_laptop&quot;:{&quot;unit&quot;:&quot;em&quot;,&quot;size&quot;:&quot;&quot;,&quot;sizes&quot;:[]},&quot;cards_row_gap_tablet&quot;:{&quot;unit&quot;:&quot;em&quot;,&quot;size&quot;:&quot;&quot;,&quot;sizes&quot;:[]},&quot;cards_row_gap_mobile&quot;:{&quot;unit&quot;:&quot;em&quot;,&quot;size&quot;:&quot;&quot;,&quot;sizes&quot;:[]},&quot;cards_columns&quot;:&quot;3&quot;,&quot;cards_columns_tablet&quot;:&quot;2&quot;,&quot;cards_columns_mobile&quot;:&quot;1&quot;}\" data-widget_type=\"posts.cards\">\n\t\t\t\t<div class=\"elementor-widget-container\">\n\t\t\t\t\t\t\t<div class=\"elementor-posts-container elementor-posts elementor-posts--skin-cards elementor-grid\" role=\"list\">\n\t\t\t\t<article class=\"elementor-post elementor-grid-item post-24983 page type-page status-publish has-post-thumbnail hentry\" role=\"listitem\">\n\t\t\t<div class=\"elementor-post__card\">\n\t\t\t\t<a class=\"elementor-post__thumbnail__link\" href=\"https:\/\/esim-reviews.com\/fr\/avis\/avis-sur-lesim-jetpac\/\" tabindex=\"-1\" target=\"_blank\"><div class=\"elementor-post__thumbnail\"><img fetchpriority=\"high\" decoding=\"async\" width=\"2000\" height=\"1335\" src=\"https:\/\/esim-reviews.com\/wp-content\/uploads\/2025\/07\/Jetpac-eSIM-Review.png\" class=\"attachment-full size-full wp-image-18341\" alt=\"\" srcset=\"https:\/\/esim-reviews.com\/wp-content\/uploads\/2025\/07\/Jetpac-eSIM-Review.png 2000w, https:\/\/esim-reviews.com\/wp-content\/uploads\/2025\/07\/Jetpac-eSIM-Review-768x513.png 768w, https:\/\/esim-reviews.com\/wp-content\/uploads\/2025\/07\/Jetpac-eSIM-Review-1280x854.png 1280w, https:\/\/esim-reviews.com\/wp-content\/uploads\/2025\/07\/Jetpac-eSIM-Review-150x100.png 150w, https:\/\/esim-reviews.com\/wp-content\/uploads\/2025\/07\/Jetpac-eSIM-Review-1536x1025.png 1536w, https:\/\/esim-reviews.com\/wp-content\/uploads\/2025\/07\/Jetpac-eSIM-Review-450x300.png 450w, https:\/\/esim-reviews.com\/wp-content\/uploads\/2025\/07\/Jetpac-eSIM-Review-1200x801.png 1200w\" sizes=\"(max-width: 2000px) 100vw, 2000px\" title=\"- eSIM Reviews\"><\/div><\/a>\n\t\t\t\t<div class=\"elementor-post__text\">\n\t\t\t\t<h3 class=\"elementor-post__title\">\n\t\t\t<a href=\"https:\/\/esim-reviews.com\/fr\/avis\/avis-sur-lesim-jetpac\/\">\n\t\t\t\tAvis sur l\u2019eSIM Jetpac\t\t\t<\/a>\n\t\t<\/h3>\n\t\t\t\t<div class=\"elementor-post__excerpt\">\n\t\t\t<p>Jetpac est l\u2019un des noms montants sur le march\u00e9 des eSIM, mais est-ce un choix judicieux pour ton voyage ? Dans cet avis, nous avons examin\u00e9 le service eSIM de<\/p>\n\t\t<\/div>\n\t\t\n\t\t<a class=\"elementor-post__read-more\" href=\"https:\/\/esim-reviews.com\/fr\/avis\/avis-sur-lesim-jetpac\/\" aria-label=\"En savoir plus sur Avis sur l\u2019eSIM Jetpac\" tabindex=\"-1\" target=\"_blank\">\n\t\t\tLire la suite \u00bb\t\t<\/a>\n\n\t\t\t\t<\/div>\n\t\t\t\t\t<\/div>\n\t\t<\/article>\n\t\t\t\t<article class=\"elementor-post elementor-grid-item post-24976 page type-page status-publish has-post-thumbnail hentry\" role=\"listitem\">\n\t\t\t<div class=\"elementor-post__card\">\n\t\t\t\t<a class=\"elementor-post__thumbnail__link\" href=\"https:\/\/esim-reviews.com\/fr\/avis\/avis-sur-lesim-gigsky\/\" tabindex=\"-1\" target=\"_blank\"><div class=\"elementor-post__thumbnail\"><img decoding=\"async\" width=\"2000\" height=\"1335\" src=\"https:\/\/esim-reviews.com\/wp-content\/uploads\/2025\/07\/Gigsky-eSIM-Review.png\" class=\"attachment-full size-full wp-image-17828\" alt=\"\" srcset=\"https:\/\/esim-reviews.com\/wp-content\/uploads\/2025\/07\/Gigsky-eSIM-Review.png 2000w, https:\/\/esim-reviews.com\/wp-content\/uploads\/2025\/07\/Gigsky-eSIM-Review-768x513.png 768w, https:\/\/esim-reviews.com\/wp-content\/uploads\/2025\/07\/Gigsky-eSIM-Review-1280x854.png 1280w, https:\/\/esim-reviews.com\/wp-content\/uploads\/2025\/07\/Gigsky-eSIM-Review-150x100.png 150w, https:\/\/esim-reviews.com\/wp-content\/uploads\/2025\/07\/Gigsky-eSIM-Review-1536x1025.png 1536w, https:\/\/esim-reviews.com\/wp-content\/uploads\/2025\/07\/Gigsky-eSIM-Review-450x300.png 450w, https:\/\/esim-reviews.com\/wp-content\/uploads\/2025\/07\/Gigsky-eSIM-Review-1200x801.png 1200w\" sizes=\"(max-width: 2000px) 100vw, 2000px\" title=\"- eSIM Reviews\"><\/div><\/a>\n\t\t\t\t<div class=\"elementor-post__text\">\n\t\t\t\t<h3 class=\"elementor-post__title\">\n\t\t\t<a href=\"https:\/\/esim-reviews.com\/fr\/avis\/avis-sur-lesim-gigsky\/\">\n\t\t\t\tAvis sur l\u2019eSIM Gigsky\t\t\t<\/a>\n\t\t<\/h3>\n\t\t\t\t<div class=\"elementor-post__excerpt\">\n\t\t\t<p>GigSky est l\u2019un des fournisseurs d\u2019eSIM les plus fiables du march\u00e9, mais est-ce le bon choix pour ton voyage ? Dans cet avis, nous avons examin\u00e9 le service eSIM de<\/p>\n\t\t<\/div>\n\t\t\n\t\t<a class=\"elementor-post__read-more\" href=\"https:\/\/esim-reviews.com\/fr\/avis\/avis-sur-lesim-gigsky\/\" aria-label=\"En savoir plus sur Avis sur l\u2019eSIM Gigsky\" tabindex=\"-1\" target=\"_blank\">\n\t\t\tLire la suite \u00bb\t\t<\/a>\n\n\t\t\t\t<\/div>\n\t\t\t\t\t<\/div>\n\t\t<\/article>\n\t\t\t\t<article class=\"elementor-post elementor-grid-item post-18155 page type-page status-publish has-post-thumbnail hentry\" role=\"listitem\">\n\t\t\t<div class=\"elementor-post__card\">\n\t\t\t\t<a class=\"elementor-post__thumbnail__link\" href=\"https:\/\/esim-reviews.com\/fr\/avis\/test-dairalo-esim\/\" tabindex=\"-1\" target=\"_blank\"><div class=\"elementor-post__thumbnail\"><img decoding=\"async\" width=\"2000\" height=\"1335\" src=\"https:\/\/esim-reviews.com\/wp-content\/uploads\/2025\/07\/Airalo-eSIM-Review.png\" class=\"attachment-full size-full wp-image-14267\" alt=\"\" srcset=\"https:\/\/esim-reviews.com\/wp-content\/uploads\/2025\/07\/Airalo-eSIM-Review.png 2000w, https:\/\/esim-reviews.com\/wp-content\/uploads\/2025\/07\/Airalo-eSIM-Review-768x513.png 768w, https:\/\/esim-reviews.com\/wp-content\/uploads\/2025\/07\/Airalo-eSIM-Review-1280x854.png 1280w, https:\/\/esim-reviews.com\/wp-content\/uploads\/2025\/07\/Airalo-eSIM-Review-150x100.png 150w, https:\/\/esim-reviews.com\/wp-content\/uploads\/2025\/07\/Airalo-eSIM-Review-1536x1025.png 1536w, https:\/\/esim-reviews.com\/wp-content\/uploads\/2025\/07\/Airalo-eSIM-Review-450x300.png 450w, https:\/\/esim-reviews.com\/wp-content\/uploads\/2025\/07\/Airalo-eSIM-Review-1200x801.png 1200w\" sizes=\"(max-width: 2000px) 100vw, 2000px\" title=\"- eSIM Reviews\"><\/div><\/a>\n\t\t\t\t<div class=\"elementor-post__text\">\n\t\t\t\t<h3 class=\"elementor-post__title\">\n\t\t\t<a href=\"https:\/\/esim-reviews.com\/fr\/avis\/test-dairalo-esim\/\">\n\t\t\t\tTest d&rsquo;Airalo eSIM\t\t\t<\/a>\n\t\t<\/h3>\n\t\t\t\t<div class=\"elementor-post__excerpt\">\n\t\t\t<p>Airalo est l&rsquo;un des fournisseurs d&rsquo;eSIM les plus populaires au monde \u2014 mais est-ce vraiment le bon choix pour ton voyage ? Dans ce test, nous avons examin\u00e9 le service<\/p>\n\t\t<\/div>\n\t\t\n\t\t<a class=\"elementor-post__read-more\" href=\"https:\/\/esim-reviews.com\/fr\/avis\/test-dairalo-esim\/\" aria-label=\"En savoir plus sur Test d&rsquo;Airalo eSIM\" tabindex=\"-1\" target=\"_blank\">\n\t\t\tLire la suite \u00bb\t\t<\/a>\n\n\t\t\t\t<\/div>\n\t\t\t\t\t<\/div>\n\t\t<\/article>\n\t\t\t\t<article class=\"elementor-post elementor-grid-item post-18087 page type-page status-publish has-post-thumbnail hentry\" role=\"listitem\">\n\t\t\t<div class=\"elementor-post__card\">\n\t\t\t\t<a class=\"elementor-post__thumbnail__link\" href=\"https:\/\/esim-reviews.com\/fr\/avis\/avis-sur-maya-esim\/\" tabindex=\"-1\" target=\"_blank\"><div class=\"elementor-post__thumbnail\"><img loading=\"lazy\" decoding=\"async\" width=\"1000\" height=\"667\" src=\"https:\/\/esim-reviews.com\/wp-content\/uploads\/2025\/07\/Maya-eSIM-Review.jpg\" class=\"attachment-full size-full wp-image-14141\" alt=\"\" srcset=\"https:\/\/esim-reviews.com\/wp-content\/uploads\/2025\/07\/Maya-eSIM-Review.jpg 1000w, https:\/\/esim-reviews.com\/wp-content\/uploads\/2025\/07\/Maya-eSIM-Review-768x512.jpg 768w, https:\/\/esim-reviews.com\/wp-content\/uploads\/2025\/07\/Maya-eSIM-Review-150x100.jpg 150w, https:\/\/esim-reviews.com\/wp-content\/uploads\/2025\/07\/Maya-eSIM-Review-450x300.jpg 450w\" sizes=\"(max-width: 1000px) 100vw, 1000px\" title=\"- eSIM Reviews\"><\/div><\/a>\n\t\t\t\t<div class=\"elementor-post__text\">\n\t\t\t\t<h3 class=\"elementor-post__title\">\n\t\t\t<a href=\"https:\/\/esim-reviews.com\/fr\/avis\/avis-sur-maya-esim\/\">\n\t\t\t\tAvis sur Maya eSIM\t\t\t<\/a>\n\t\t<\/h3>\n\t\t\t\t<div class=\"elementor-post__excerpt\">\n\t\t\t<p>L&rsquo;un des principaux fournisseurs d&rsquo;eSIM est Maya \u2014 mais en vaut-il la peine ? Dans cet avis, nous avons examin\u00e9 le service eSIM de Maya, en tenant compte de la<\/p>\n\t\t<\/div>\n\t\t\n\t\t<a class=\"elementor-post__read-more\" href=\"https:\/\/esim-reviews.com\/fr\/avis\/avis-sur-maya-esim\/\" aria-label=\"En savoir plus sur Avis sur Maya eSIM\" tabindex=\"-1\" target=\"_blank\">\n\t\t\tLire la suite \u00bb\t\t<\/a>\n\n\t\t\t\t<\/div>\n\t\t\t\t\t<\/div>\n\t\t<\/article>\n\t\t\t\t<article class=\"elementor-post elementor-grid-item post-18171 page type-page status-publish has-post-thumbnail hentry\" role=\"listitem\">\n\t\t\t<div class=\"elementor-post__card\">\n\t\t\t\t<a class=\"elementor-post__thumbnail__link\" href=\"https:\/\/esim-reviews.com\/fr\/avis\/avis-sur-saily-esim\/\" tabindex=\"-1\" target=\"_blank\"><div class=\"elementor-post__thumbnail\"><img loading=\"lazy\" decoding=\"async\" width=\"2000\" height=\"1335\" src=\"https:\/\/esim-reviews.com\/wp-content\/uploads\/2025\/07\/Saily-eSIM-Review.png\" class=\"attachment-full size-full wp-image-14231\" alt=\"\" srcset=\"https:\/\/esim-reviews.com\/wp-content\/uploads\/2025\/07\/Saily-eSIM-Review.png 2000w, https:\/\/esim-reviews.com\/wp-content\/uploads\/2025\/07\/Saily-eSIM-Review-768x513.png 768w, https:\/\/esim-reviews.com\/wp-content\/uploads\/2025\/07\/Saily-eSIM-Review-1280x854.png 1280w, https:\/\/esim-reviews.com\/wp-content\/uploads\/2025\/07\/Saily-eSIM-Review-150x100.png 150w, https:\/\/esim-reviews.com\/wp-content\/uploads\/2025\/07\/Saily-eSIM-Review-1536x1025.png 1536w, https:\/\/esim-reviews.com\/wp-content\/uploads\/2025\/07\/Saily-eSIM-Review-450x300.png 450w, https:\/\/esim-reviews.com\/wp-content\/uploads\/2025\/07\/Saily-eSIM-Review-1200x801.png 1200w\" sizes=\"(max-width: 2000px) 100vw, 2000px\" title=\"- eSIM Reviews\"><\/div><\/a>\n\t\t\t\t<div class=\"elementor-post__text\">\n\t\t\t\t<h3 class=\"elementor-post__title\">\n\t\t\t<a href=\"https:\/\/esim-reviews.com\/fr\/avis\/avis-sur-saily-esim\/\">\n\t\t\t\tAvis sur Saily eSIM\t\t\t<\/a>\n\t\t<\/h3>\n\t\t\t\t<div class=\"elementor-post__excerpt\">\n\t\t\t<p>Saily est une eSIM ax\u00e9e sur la s\u00e9curit\u00e9, soutenue par l&rsquo;\u00e9quipe derri\u00e8re NordVPN &#8211; mais est-ce le bon choix pour tes besoins en voyage ? Dans cet avis, nous avons<\/p>\n\t\t<\/div>\n\t\t\n\t\t<a class=\"elementor-post__read-more\" href=\"https:\/\/esim-reviews.com\/fr\/avis\/avis-sur-saily-esim\/\" aria-label=\"En savoir plus sur Avis sur Saily eSIM\" tabindex=\"-1\" target=\"_blank\">\n\t\t\tLire la suite \u00bb\t\t<\/a>\n\n\t\t\t\t<\/div>\n\t\t\t\t\t<\/div>\n\t\t<\/article>\n\t\t\t\t<\/div>\n\t\t\n\t\t\t\t\t\t<\/div>\n\t\t\t\t<\/div>\n\t\t\t\t\t<\/div>\n\t\t\t\t<\/div>\n\t\t\t\t<\/div>\n\t\t","protected":false},"excerpt":{"rendered":"","protected":false},"author":1,"featured_media":13924,"parent":0,"menu_order":0,"comment_status":"closed","ping_status":"closed","template":"elementor_theme","meta":{"footnotes":""},"class_list":["post-13936","page","type-page","status-publish","has-post-thumbnail","hentry"],"_links":{"self":[{"href":"https:\/\/esim-reviews.com\/fr\/wp-json\/wp\/v2\/pages\/13936","targetHints":{"allow":["GET"]}}],"collection":[{"href":"https:\/\/esim-reviews.com\/fr\/wp-json\/wp\/v2\/pages"}],"about":[{"href":"https:\/\/esim-reviews.com\/fr\/wp-json\/wp\/v2\/types\/page"}],"author":[{"embeddable":true,"href":"https:\/\/esim-reviews.com\/fr\/wp-json\/wp\/v2\/users\/1"}],"replies":[{"embeddable":true,"href":"https:\/\/esim-reviews.com\/fr\/wp-json\/wp\/v2\/comments?post=13936"}],"version-history":[{"count":0,"href":"https:\/\/esim-reviews.com\/fr\/wp-json\/wp\/v2\/pages\/13936\/revisions"}],"wp:featuredmedia":[{"embeddable":true,"href":"https:\/\/esim-reviews.com\/fr\/wp-json\/wp\/v2\/media\/13924"}],"wp:attachment":[{"href":"https:\/\/esim-reviews.com\/fr\/wp-json\/wp\/v2\/media?parent=13936"}],"curies":[{"name":"wp","href":"https:\/\/api.w.org\/{rel}","templated":true}]}}