{"id":13146,"date":"2025-07-18T17:14:46","date_gmt":"2025-07-18T14:14:46","guid":{"rendered":"https:\/\/esim-reviews.com\/conditions-generales\/"},"modified":"2026-01-10T23:15:37","modified_gmt":"2026-01-10T20:15:37","slug":"conditions-generales","status":"publish","type":"page","link":"https:\/\/esim-reviews.com\/fr\/conditions-generales\/","title":{"rendered":"Conditions g\u00e9n\u00e9rales"},"content":{"rendered":"\t\t<div data-elementor-type=\"wp-page\" data-elementor-id=\"13146\" class=\"elementor elementor-13146 elementor-5153\" data-elementor-post-type=\"page\">\n\t\t\t\t<div class=\"elementor-element elementor-element-62c9273 e-flex e-con-boxed e-con e-parent\" data-id=\"62c9273\" data-element_type=\"container\" data-e-type=\"container\">\n\t\t\t\t\t<div class=\"e-con-inner\">\n\t\t\t\t<div class=\"elementor-element elementor-element-ba6e7a0 elementor-widget elementor-widget-text-editor\" data-id=\"ba6e7a0\" data-element_type=\"widget\" data-e-type=\"widget\" data-widget_type=\"text-editor.default\">\n\t\t\t\t<div class=\"elementor-widget-container\">\n\t\t\t\t\t\t\t\t\t<p data-start=\"1938\" data-end=\"2025\">Bienvenue sur eSIM Reviews. En utilisant ce site web, vous acceptez les conditions suivantes :<\/p><h3 data-start=\"2027\" data-end=\"2053\">1. \u00c0 propos de notre contenu<\/h3><ul data-start=\"2055\" data-end=\"2267\"><li data-start=\"2055\" data-end=\"2122\"><p data-start=\"2057\" data-end=\"2122\">Notre contenu est uniquement \u00e0 des fins d&rsquo;information et d&rsquo;\u00e9ducation.<\/p><\/li><li data-start=\"2123\" data-end=\"2209\"><p data-start=\"2125\" data-end=\"2209\">Nous fournissons des avis ind\u00e9pendants, des comparaisons et des guides concernant les fournisseurs d&rsquo;eSIM.<\/p><\/li><li data-start=\"2210\" data-end=\"2267\"><p data-start=\"2212\" data-end=\"2267\">Nous <strong data-start=\"2218\" data-end=\"2225\">ne<\/strong> vendons pas et ne fournissons pas directement de services eSIM.<\/p><\/li><\/ul><h3 data-start=\"2269\" data-end=\"2298\">2. Divulgation d&rsquo;affiliation<\/h3><p data-start=\"2300\" data-end=\"2451\">Nous pouvons percevoir des commissions sur les achats effectu\u00e9s via les liens d&rsquo;affiliation sur ce site. Cela <strong data-start=\"2392\" data-end=\"2399\">n&rsquo;affecte pas<\/strong> notre int\u00e9grit\u00e9 \u00e9ditoriale ou notre processus d&rsquo;\u00e9valuation. <\/p><h3 data-start=\"2453\" data-end=\"2485\">3. Exactitude des informations<\/h3><p data-start=\"2487\" data-end=\"2674\">Bien que nous nous efforcions d&rsquo;\u00eatre pr\u00e9cis, nous ne garantissons pas l&rsquo;exhaustivit\u00e9 ou l&rsquo;exactitude des informations. V\u00e9rifie toujours les d\u00e9tails directement aupr\u00e8s du fournisseur d&rsquo;eSIM avant de faire un achat. <\/p><h3 data-start=\"2676\" data-end=\"2708\">4. Limitation de responsabilit\u00e9<\/h3><p data-start=\"2710\" data-end=\"2876\">Nous ne sommes pas responsables des pertes, dommages ou cons\u00e9quences r\u00e9sultant de votre utilisation de notre contenu ou de nos recommandations. Vos d\u00e9cisions rel\u00e8vent de votre seule responsabilit\u00e9.<\/p><h3 data-start=\"2878\" data-end=\"2906\">5. Responsabilit\u00e9 de l&rsquo;utilisateur<\/h3><ul data-start=\"2908\" data-end=\"3047\"><li data-start=\"2908\" data-end=\"2977\"><p data-start=\"2910\" data-end=\"2977\">Assure-toi que tout produit ou service r\u00e9pond \u00e0 tes besoins avant l&rsquo;achat.<\/p><\/li><li data-start=\"2978\" data-end=\"3047\"><p data-start=\"2980\" data-end=\"3047\">V\u00e9rifie les r\u00e9glementations locales, les conditions des op\u00e9rateurs et la compatibilit\u00e9 des appareils.<\/p><\/li><\/ul><h3 data-start=\"3049\" data-end=\"3079\">6. Propri\u00e9t\u00e9 intellectuelle<\/h3><p data-start=\"3081\" data-end=\"3194\">Tout le contenu du site appartient \u00e0 eSIM Reviews sauf indication contraire. La reproduction non autoris\u00e9e est interdite.<\/p><h3 data-start=\"3196\" data-end=\"3218\">7. Droit applicable<\/h3><p data-start=\"3220\" data-end=\"3282\">Ces conditions sont r\u00e9gies par les lois de l&rsquo;\u00c9tat d&rsquo;Isra\u00ebl.<\/p>\t\t\t\t\t\t\t\t<\/div>\n\t\t\t\t<\/div>\n\t\t\t\t\t<\/div>\n\t\t\t\t<\/div>\n\t\t<div class=\"elementor-element elementor-element-2458c92 e-flex e-con-boxed e-con e-parent\" data-id=\"2458c92\" data-element_type=\"container\" data-e-type=\"container\">\n\t\t\t\t\t<div class=\"e-con-inner\">\n\t\t\t\t<div class=\"elementor-element elementor-element-9bc80a7 elementor-widget-divider--view-line elementor-widget elementor-widget-divider\" data-id=\"9bc80a7\" data-element_type=\"widget\" data-e-type=\"widget\" data-widget_type=\"divider.default\">\n\t\t\t\t<div class=\"elementor-widget-container\">\n\t\t\t\t\t\t\t<div class=\"elementor-divider\">\n\t\t\t<span class=\"elementor-divider-separator\">\n\t\t\t\t\t\t<\/span>\n\t\t<\/div>\n\t\t\t\t\t\t<\/div>\n\t\t\t\t<\/div>\n\t\t\t\t\t<\/div>\n\t\t\t\t<\/div>\n\t\t<div class=\"elementor-element elementor-element-a468f9b e-flex e-con-boxed e-con e-parent\" data-id=\"a468f9b\" data-element_type=\"container\" data-e-type=\"container\">\n\t\t\t\t\t<div class=\"e-con-inner\">\n\t\t\t\t<div class=\"elementor-element elementor-element-18eb706 elementor-widget elementor-widget-text-editor\" data-id=\"18eb706\" data-element_type=\"widget\" data-e-type=\"widget\" data-widget_type=\"text-editor.default\">\n\t\t\t\t<div class=\"elementor-widget-container\">\n\t\t\t\t\t\t\t\t\t<h2 data-start=\"3289\" data-end=\"3304\">Avertissement<\/h2><p data-start=\"3306\" data-end=\"3396\">Les informations fournies sur <strong data-start=\"3334\" data-end=\"3350\">eSIM Reviews<\/strong> sont uniquement \u00e0 titre informatif g\u00e9n\u00e9ral.<\/p><ul data-start=\"3398\" data-end=\"3688\"><li data-start=\"3398\" data-end=\"3480\"><p data-start=\"3400\" data-end=\"3480\">Nous ne garantissons pas l&rsquo;exactitude, l&rsquo;exhaustivit\u00e9 ou la fiabilit\u00e9 des informations.<\/p><\/li><li data-start=\"3481\" data-end=\"3556\"><p data-start=\"3483\" data-end=\"3556\">Nous <strong data-start=\"3490\" data-end=\"3497\">ne sommes pas<\/strong> responsables des d\u00e9cisions prises sur la base de notre contenu.<\/p><\/li><li data-start=\"3557\" data-end=\"3614\"><p data-start=\"3559\" data-end=\"3614\">Tes actions et d\u00e9cisions sont prises \u00e0 tes propres risques.<\/p><\/li><li data-start=\"3615\" data-end=\"3688\"><p data-start=\"3617\" data-end=\"3688\">Fais toujours tes propres recherches avant d&rsquo;acheter un produit ou un service.<\/p><\/li><\/ul><p data-start=\"3690\" data-end=\"3818\">Avertissement sur les affiliations : Nous pouvons percevoir des commissions sur les liens pr\u00e9sents sur ce site. Cela n&rsquo;affecte pas nos avis ou opinions.<\/p><p data-start=\"3820\" data-end=\"3945\"><strong data-start=\"3820\" data-end=\"3847\">Pas de conseil professionnel :<\/strong><br data-start=\"3847\" data-end=\"3850\">Le contenu de ce site ne constitue pas un conseil professionnel, juridique, financier ou technique.<\/p>\t\t\t\t\t\t\t\t<\/div>\n\t\t\t\t<\/div>\n\t\t\t\t\t<\/div>\n\t\t\t\t<\/div>\n\t\t<div class=\"elementor-element elementor-element-72daeb9 e-flex e-con-boxed e-con e-parent\" data-id=\"72daeb9\" data-element_type=\"container\" data-e-type=\"container\">\n\t\t\t\t\t<div class=\"e-con-inner\">\n\t\t\t\t<div class=\"elementor-element elementor-element-0a04d69 elementor-widget-divider--view-line elementor-widget elementor-widget-divider\" data-id=\"0a04d69\" data-element_type=\"widget\" data-e-type=\"widget\" data-widget_type=\"divider.default\">\n\t\t\t\t<div class=\"elementor-widget-container\">\n\t\t\t\t\t\t\t<div class=\"elementor-divider\">\n\t\t\t<span class=\"elementor-divider-separator\">\n\t\t\t\t\t\t<\/span>\n\t\t<\/div>\n\t\t\t\t\t\t<\/div>\n\t\t\t\t<\/div>\n\t\t\t\t\t<\/div>\n\t\t\t\t<\/div>\n\t\t<div class=\"elementor-element elementor-element-2a4fb0e e-flex e-con-boxed e-con e-parent\" data-id=\"2a4fb0e\" data-element_type=\"container\" data-e-type=\"container\">\n\t\t\t\t\t<div class=\"e-con-inner\">\n\t\t\t\t<div class=\"elementor-element elementor-element-4b014ca elementor-widget elementor-widget-text-editor\" data-id=\"4b014ca\" data-element_type=\"widget\" data-e-type=\"widget\" data-widget_type=\"text-editor.default\">\n\t\t\t\t<div class=\"elementor-widget-container\">\n\t\t\t\t\t\t\t\t\t<h2 data-start=\"3952\" data-end=\"3967\">Nous contacter<\/h2><p data-start=\"3969\" data-end=\"4056\">Si tu as des questions sur notre Politique de confidentialit\u00e9, nos Conditions ou notre Avertissement, contacte-nous :<\/p><p data-start=\"4058\" data-end=\"4095\"><strong data-start=\"4058\" data-end=\"4068\">Email:<\/strong> <a class=\"cursor-pointer\" href=\"mailto:contact-us@esim-reviews.com\" rel=\"noopener\" data-start=\"4069\" data-end=\"4093\">contact-us@esim-reviews.com<\/a><\/p>\t\t\t\t\t\t\t\t<\/div>\n\t\t\t\t<\/div>\n\t\t\t\t\t<\/div>\n\t\t\t\t<\/div>\n\t\t\t\t<\/div>\n\t\t","protected":false},"excerpt":{"rendered":"<p>Bienvenue sur eSIM Reviews. En utilisant ce site web, vous acceptez les conditions suivantes : 1. \u00c0 propos de notre contenu Notre contenu est uniquement \u00e0 des fins d&rsquo;information et d&rsquo;\u00e9ducation. Nous fournissons des avis ind\u00e9pendants, des comparaisons et des guides concernant les fournisseurs d&rsquo;eSIM. Nous ne vendons pas et ne fournissons pas directement de [&hellip;]<\/p>\n","protected":false},"author":1,"featured_media":0,"parent":0,"menu_order":0,"comment_status":"closed","ping_status":"closed","template":"","meta":{"footnotes":""},"class_list":["post-13146","page","type-page","status-publish","hentry"],"_links":{"self":[{"href":"https:\/\/esim-reviews.com\/fr\/wp-json\/wp\/v2\/pages\/13146","targetHints":{"allow":["GET"]}}],"collection":[{"href":"https:\/\/esim-reviews.com\/fr\/wp-json\/wp\/v2\/pages"}],"about":[{"href":"https:\/\/esim-reviews.com\/fr\/wp-json\/wp\/v2\/types\/page"}],"author":[{"embeddable":true,"href":"https:\/\/esim-reviews.com\/fr\/wp-json\/wp\/v2\/users\/1"}],"replies":[{"embeddable":true,"href":"https:\/\/esim-reviews.com\/fr\/wp-json\/wp\/v2\/comments?post=13146"}],"version-history":[{"count":0,"href":"https:\/\/esim-reviews.com\/fr\/wp-json\/wp\/v2\/pages\/13146\/revisions"}],"wp:attachment":[{"href":"https:\/\/esim-reviews.com\/fr\/wp-json\/wp\/v2\/media?parent=13146"}],"curies":[{"name":"wp","href":"https:\/\/api.w.org\/{rel}","templated":true}]}}