{"id":13953,"date":"2025-06-24T19:17:37","date_gmt":"2025-06-24T16:17:37","guid":{"rendered":"https:\/\/esim-reviews.com\/resenas\/"},"modified":"2026-01-10T23:48:16","modified_gmt":"2026-01-10T20:48:16","slug":"resenas","status":"publish","type":"page","link":"https:\/\/esim-reviews.com\/es\/resenas\/","title":{"rendered":"Rese\u00f1as"},"content":{"rendered":"\t\t<div data-elementor-type=\"wp-page\" data-elementor-id=\"13953\" class=\"elementor elementor-13953 elementor-1627\" data-elementor-post-type=\"page\">\n\t\t\t\t<div class=\"elementor-element elementor-element-ed196da e-flex e-con-boxed e-con e-child\" data-id=\"ed196da\" data-element_type=\"container\" data-e-type=\"container\">\n\t\t\t\t\t<div class=\"e-con-inner\">\n\t\t\t\t<div class=\"elementor-element elementor-element-0aeec27 elementor-posts__hover-none elementor-grid-3 elementor-grid-tablet-2 elementor-grid-mobile-1 elementor-posts--thumbnail-top elementor-card-shadow-yes elementor-widget elementor-widget-posts\" data-id=\"0aeec27\" data-element_type=\"widget\" data-e-type=\"widget\" data-settings=\"{&quot;cards_row_gap&quot;:{&quot;unit&quot;:&quot;em&quot;,&quot;size&quot;:3.5,&quot;sizes&quot;:[]},&quot;cards_row_gap_laptop&quot;:{&quot;unit&quot;:&quot;em&quot;,&quot;size&quot;:&quot;&quot;,&quot;sizes&quot;:[]},&quot;cards_row_gap_tablet&quot;:{&quot;unit&quot;:&quot;em&quot;,&quot;size&quot;:&quot;&quot;,&quot;sizes&quot;:[]},&quot;cards_row_gap_mobile&quot;:{&quot;unit&quot;:&quot;em&quot;,&quot;size&quot;:&quot;&quot;,&quot;sizes&quot;:[]},&quot;cards_columns&quot;:&quot;3&quot;,&quot;cards_columns_tablet&quot;:&quot;2&quot;,&quot;cards_columns_mobile&quot;:&quot;1&quot;}\" data-widget_type=\"posts.cards\">\n\t\t\t\t<div class=\"elementor-widget-container\">\n\t\t\t\t\t\t\t<div class=\"elementor-posts-container elementor-posts elementor-posts--skin-cards elementor-grid\" role=\"list\">\n\t\t\t\t<article class=\"elementor-post elementor-grid-item post-24959 page type-page status-publish has-post-thumbnail hentry\" role=\"listitem\">\n\t\t\t<div class=\"elementor-post__card\">\n\t\t\t\t<a class=\"elementor-post__thumbnail__link\" href=\"https:\/\/esim-reviews.com\/es\/resenas\/analisis-de-la-esim-de-jetpac\/\" tabindex=\"-1\" target=\"_blank\"><div class=\"elementor-post__thumbnail\"><img fetchpriority=\"high\" decoding=\"async\" width=\"2000\" height=\"1335\" src=\"https:\/\/esim-reviews.com\/wp-content\/uploads\/2025\/07\/Jetpac-eSIM-Review.png\" class=\"attachment-full size-full wp-image-18338\" alt=\"\" srcset=\"https:\/\/esim-reviews.com\/wp-content\/uploads\/2025\/07\/Jetpac-eSIM-Review.png 2000w, https:\/\/esim-reviews.com\/wp-content\/uploads\/2025\/07\/Jetpac-eSIM-Review-768x513.png 768w, https:\/\/esim-reviews.com\/wp-content\/uploads\/2025\/07\/Jetpac-eSIM-Review-1280x854.png 1280w, https:\/\/esim-reviews.com\/wp-content\/uploads\/2025\/07\/Jetpac-eSIM-Review-150x100.png 150w, https:\/\/esim-reviews.com\/wp-content\/uploads\/2025\/07\/Jetpac-eSIM-Review-1536x1025.png 1536w, https:\/\/esim-reviews.com\/wp-content\/uploads\/2025\/07\/Jetpac-eSIM-Review-450x300.png 450w, https:\/\/esim-reviews.com\/wp-content\/uploads\/2025\/07\/Jetpac-eSIM-Review-1200x801.png 1200w\" sizes=\"(max-width: 2000px) 100vw, 2000px\" title=\"- eSIM Reviews\"><\/div><\/a>\n\t\t\t\t<div class=\"elementor-post__text\">\n\t\t\t\t<h3 class=\"elementor-post__title\">\n\t\t\t<a href=\"https:\/\/esim-reviews.com\/es\/resenas\/analisis-de-la-esim-de-jetpac\/\">\n\t\t\t\tAn\u00e1lisis de la eSIM de Jetpac\t\t\t<\/a>\n\t\t<\/h3>\n\t\t\t\t<div class=\"elementor-post__excerpt\">\n\t\t\t<p>Jetpac es uno de los nombres en alza en el mercado de las eSIM, pero \u00bfes una elecci\u00f3n inteligente para tu viaje? En este an\u00e1lisis, examinamos el servicio de eSIM<\/p>\n\t\t<\/div>\n\t\t\n\t\t<a class=\"elementor-post__read-more\" href=\"https:\/\/esim-reviews.com\/es\/resenas\/analisis-de-la-esim-de-jetpac\/\" aria-label=\"M\u00e1s informaci\u00f3n sobre An\u00e1lisis de la eSIM de Jetpac\" tabindex=\"-1\" target=\"_blank\">\n\t\t\tLeer m\u00e1s \u00bb\t\t<\/a>\n\n\t\t\t\t<\/div>\n\t\t\t\t\t<\/div>\n\t\t<\/article>\n\t\t\t\t<article class=\"elementor-post elementor-grid-item post-24941 page type-page status-publish has-post-thumbnail hentry\" role=\"listitem\">\n\t\t\t<div class=\"elementor-post__card\">\n\t\t\t\t<a class=\"elementor-post__thumbnail__link\" href=\"https:\/\/esim-reviews.com\/es\/resenas\/analisis-de-la-esim-de-gigsky\/\" tabindex=\"-1\" target=\"_blank\"><div class=\"elementor-post__thumbnail\"><img decoding=\"async\" width=\"2000\" height=\"1335\" src=\"https:\/\/esim-reviews.com\/wp-content\/uploads\/2025\/07\/Gigsky-eSIM-Review.png\" class=\"attachment-full size-full wp-image-17827\" alt=\"\" srcset=\"https:\/\/esim-reviews.com\/wp-content\/uploads\/2025\/07\/Gigsky-eSIM-Review.png 2000w, https:\/\/esim-reviews.com\/wp-content\/uploads\/2025\/07\/Gigsky-eSIM-Review-768x513.png 768w, https:\/\/esim-reviews.com\/wp-content\/uploads\/2025\/07\/Gigsky-eSIM-Review-1280x854.png 1280w, https:\/\/esim-reviews.com\/wp-content\/uploads\/2025\/07\/Gigsky-eSIM-Review-150x100.png 150w, https:\/\/esim-reviews.com\/wp-content\/uploads\/2025\/07\/Gigsky-eSIM-Review-1536x1025.png 1536w, https:\/\/esim-reviews.com\/wp-content\/uploads\/2025\/07\/Gigsky-eSIM-Review-450x300.png 450w, https:\/\/esim-reviews.com\/wp-content\/uploads\/2025\/07\/Gigsky-eSIM-Review-1200x801.png 1200w\" sizes=\"(max-width: 2000px) 100vw, 2000px\" title=\"- eSIM Reviews\"><\/div><\/a>\n\t\t\t\t<div class=\"elementor-post__text\">\n\t\t\t\t<h3 class=\"elementor-post__title\">\n\t\t\t<a href=\"https:\/\/esim-reviews.com\/es\/resenas\/analisis-de-la-esim-de-gigsky\/\">\n\t\t\t\tAn\u00e1lisis de la eSIM de Gigsky\t\t\t<\/a>\n\t\t<\/h3>\n\t\t\t\t<div class=\"elementor-post__excerpt\">\n\t\t\t<p>GigSky es uno de los proveedores de eSIM m\u00e1s fiables del mercado, pero \u00bfes la opci\u00f3n adecuada para tu viaje? En este an\u00e1lisis, examinamos el servicio eSIM de GigSky, teniendo<\/p>\n\t\t<\/div>\n\t\t\n\t\t<a class=\"elementor-post__read-more\" href=\"https:\/\/esim-reviews.com\/es\/resenas\/analisis-de-la-esim-de-gigsky\/\" aria-label=\"M\u00e1s informaci\u00f3n sobre An\u00e1lisis de la eSIM de Gigsky\" tabindex=\"-1\" target=\"_blank\">\n\t\t\tLeer m\u00e1s \u00bb\t\t<\/a>\n\n\t\t\t\t<\/div>\n\t\t\t\t\t<\/div>\n\t\t<\/article>\n\t\t\t\t<article class=\"elementor-post elementor-grid-item post-18163 page type-page status-publish has-post-thumbnail hentry\" role=\"listitem\">\n\t\t\t<div class=\"elementor-post__card\">\n\t\t\t\t<a class=\"elementor-post__thumbnail__link\" href=\"https:\/\/esim-reviews.com\/es\/resenas\/resena-de-la-esim-de-airalo\/\" tabindex=\"-1\" target=\"_blank\"><div class=\"elementor-post__thumbnail\"><img decoding=\"async\" width=\"2000\" height=\"1335\" src=\"https:\/\/esim-reviews.com\/wp-content\/uploads\/2025\/07\/Airalo-eSIM-Review.png\" class=\"attachment-full size-full wp-image-14273\" alt=\"\" srcset=\"https:\/\/esim-reviews.com\/wp-content\/uploads\/2025\/07\/Airalo-eSIM-Review.png 2000w, https:\/\/esim-reviews.com\/wp-content\/uploads\/2025\/07\/Airalo-eSIM-Review-768x513.png 768w, https:\/\/esim-reviews.com\/wp-content\/uploads\/2025\/07\/Airalo-eSIM-Review-1280x854.png 1280w, https:\/\/esim-reviews.com\/wp-content\/uploads\/2025\/07\/Airalo-eSIM-Review-150x100.png 150w, https:\/\/esim-reviews.com\/wp-content\/uploads\/2025\/07\/Airalo-eSIM-Review-1536x1025.png 1536w, https:\/\/esim-reviews.com\/wp-content\/uploads\/2025\/07\/Airalo-eSIM-Review-450x300.png 450w, https:\/\/esim-reviews.com\/wp-content\/uploads\/2025\/07\/Airalo-eSIM-Review-1200x801.png 1200w\" sizes=\"(max-width: 2000px) 100vw, 2000px\" title=\"- eSIM Reviews\"><\/div><\/a>\n\t\t\t\t<div class=\"elementor-post__text\">\n\t\t\t\t<h3 class=\"elementor-post__title\">\n\t\t\t<a href=\"https:\/\/esim-reviews.com\/es\/resenas\/resena-de-la-esim-de-airalo\/\">\n\t\t\t\tRese\u00f1a de la eSIM de Airalo\t\t\t<\/a>\n\t\t<\/h3>\n\t\t\t\t<div class=\"elementor-post__excerpt\">\n\t\t\t<p>Airalo es uno de los proveedores de eSIM m\u00e1s populares del mundo, pero \u00bfes realmente la opci\u00f3n adecuada para tu viaje? En esta rese\u00f1a, hemos examinado el servicio de eSIM<\/p>\n\t\t<\/div>\n\t\t\n\t\t<a class=\"elementor-post__read-more\" href=\"https:\/\/esim-reviews.com\/es\/resenas\/resena-de-la-esim-de-airalo\/\" aria-label=\"M\u00e1s informaci\u00f3n sobre Rese\u00f1a de la eSIM de Airalo\" tabindex=\"-1\" target=\"_blank\">\n\t\t\tLeer m\u00e1s \u00bb\t\t<\/a>\n\n\t\t\t\t<\/div>\n\t\t\t\t\t<\/div>\n\t\t<\/article>\n\t\t\t\t<article class=\"elementor-post elementor-grid-item post-18097 page type-page status-publish has-post-thumbnail hentry\" role=\"listitem\">\n\t\t\t<div class=\"elementor-post__card\">\n\t\t\t\t<a class=\"elementor-post__thumbnail__link\" href=\"https:\/\/esim-reviews.com\/es\/resenas\/resena-de-maya-esim\/\" tabindex=\"-1\" target=\"_blank\"><div class=\"elementor-post__thumbnail\"><img loading=\"lazy\" decoding=\"async\" width=\"1000\" height=\"667\" src=\"https:\/\/esim-reviews.com\/wp-content\/uploads\/2025\/07\/Maya-eSIM-Review.jpg\" class=\"attachment-full size-full wp-image-14162\" alt=\"\" srcset=\"https:\/\/esim-reviews.com\/wp-content\/uploads\/2025\/07\/Maya-eSIM-Review.jpg 1000w, https:\/\/esim-reviews.com\/wp-content\/uploads\/2025\/07\/Maya-eSIM-Review-768x512.jpg 768w, https:\/\/esim-reviews.com\/wp-content\/uploads\/2025\/07\/Maya-eSIM-Review-150x100.jpg 150w, https:\/\/esim-reviews.com\/wp-content\/uploads\/2025\/07\/Maya-eSIM-Review-450x300.jpg 450w\" sizes=\"(max-width: 1000px) 100vw, 1000px\" title=\"- eSIM Reviews\"><\/div><\/a>\n\t\t\t\t<div class=\"elementor-post__text\">\n\t\t\t\t<h3 class=\"elementor-post__title\">\n\t\t\t<a href=\"https:\/\/esim-reviews.com\/es\/resenas\/resena-de-maya-esim\/\">\n\t\t\t\tRese\u00f1a de Maya eSIM\t\t\t<\/a>\n\t\t<\/h3>\n\t\t\t\t<div class=\"elementor-post__excerpt\">\n\t\t\t<p>Uno de los principales proveedores de eSIM es Maya, pero \u00bfmerece la pena? En esta rese\u00f1a, examinamos el servicio Maya eSIM, teniendo en cuenta la cobertura y disponibilidad 5G, las<\/p>\n\t\t<\/div>\n\t\t\n\t\t<a class=\"elementor-post__read-more\" href=\"https:\/\/esim-reviews.com\/es\/resenas\/resena-de-maya-esim\/\" aria-label=\"M\u00e1s informaci\u00f3n sobre Rese\u00f1a de Maya eSIM\" tabindex=\"-1\" target=\"_blank\">\n\t\t\tLeer m\u00e1s \u00bb\t\t<\/a>\n\n\t\t\t\t<\/div>\n\t\t\t\t\t<\/div>\n\t\t<\/article>\n\t\t\t\t<article class=\"elementor-post elementor-grid-item post-18183 page type-page status-publish has-post-thumbnail hentry\" role=\"listitem\">\n\t\t\t<div class=\"elementor-post__card\">\n\t\t\t\t<a class=\"elementor-post__thumbnail__link\" href=\"https:\/\/esim-reviews.com\/es\/resenas\/resena-de-la-esim-saily\/\" tabindex=\"-1\" target=\"_blank\"><div class=\"elementor-post__thumbnail\"><img loading=\"lazy\" decoding=\"async\" width=\"2000\" height=\"1335\" src=\"https:\/\/esim-reviews.com\/wp-content\/uploads\/2025\/07\/Saily-eSIM-Review.png\" class=\"attachment-full size-full wp-image-14228\" alt=\"\" srcset=\"https:\/\/esim-reviews.com\/wp-content\/uploads\/2025\/07\/Saily-eSIM-Review.png 2000w, https:\/\/esim-reviews.com\/wp-content\/uploads\/2025\/07\/Saily-eSIM-Review-768x513.png 768w, https:\/\/esim-reviews.com\/wp-content\/uploads\/2025\/07\/Saily-eSIM-Review-1280x854.png 1280w, https:\/\/esim-reviews.com\/wp-content\/uploads\/2025\/07\/Saily-eSIM-Review-150x100.png 150w, https:\/\/esim-reviews.com\/wp-content\/uploads\/2025\/07\/Saily-eSIM-Review-1536x1025.png 1536w, https:\/\/esim-reviews.com\/wp-content\/uploads\/2025\/07\/Saily-eSIM-Review-450x300.png 450w, https:\/\/esim-reviews.com\/wp-content\/uploads\/2025\/07\/Saily-eSIM-Review-1200x801.png 1200w\" sizes=\"(max-width: 2000px) 100vw, 2000px\" title=\"- eSIM Reviews\"><\/div><\/a>\n\t\t\t\t<div class=\"elementor-post__text\">\n\t\t\t\t<h3 class=\"elementor-post__title\">\n\t\t\t<a href=\"https:\/\/esim-reviews.com\/es\/resenas\/resena-de-la-esim-saily\/\">\n\t\t\t\tRese\u00f1a de la eSIM Saily\t\t\t<\/a>\n\t\t<\/h3>\n\t\t\t\t<div class=\"elementor-post__excerpt\">\n\t\t\t<p>Saily es una eSIM centrada en la seguridad y respaldada por el equipo de NordVPN, pero \u00bfes la opci\u00f3n adecuada para tus necesidades de viaje? En esta rese\u00f1a, hemos comprobado<\/p>\n\t\t<\/div>\n\t\t\n\t\t<a class=\"elementor-post__read-more\" href=\"https:\/\/esim-reviews.com\/es\/resenas\/resena-de-la-esim-saily\/\" aria-label=\"M\u00e1s informaci\u00f3n sobre Rese\u00f1a de la eSIM Saily\" tabindex=\"-1\" target=\"_blank\">\n\t\t\tLeer m\u00e1s \u00bb\t\t<\/a>\n\n\t\t\t\t<\/div>\n\t\t\t\t\t<\/div>\n\t\t<\/article>\n\t\t\t\t<\/div>\n\t\t\n\t\t\t\t\t\t<\/div>\n\t\t\t\t<\/div>\n\t\t\t\t\t<\/div>\n\t\t\t\t<\/div>\n\t\t\t\t<\/div>\n\t\t","protected":false},"excerpt":{"rendered":"","protected":false},"author":1,"featured_media":13929,"parent":0,"menu_order":0,"comment_status":"closed","ping_status":"closed","template":"elementor_theme","meta":{"footnotes":""},"class_list":["post-13953","page","type-page","status-publish","has-post-thumbnail","hentry"],"_links":{"self":[{"href":"https:\/\/esim-reviews.com\/es\/wp-json\/wp\/v2\/pages\/13953","targetHints":{"allow":["GET"]}}],"collection":[{"href":"https:\/\/esim-reviews.com\/es\/wp-json\/wp\/v2\/pages"}],"about":[{"href":"https:\/\/esim-reviews.com\/es\/wp-json\/wp\/v2\/types\/page"}],"author":[{"embeddable":true,"href":"https:\/\/esim-reviews.com\/es\/wp-json\/wp\/v2\/users\/1"}],"replies":[{"embeddable":true,"href":"https:\/\/esim-reviews.com\/es\/wp-json\/wp\/v2\/comments?post=13953"}],"version-history":[{"count":0,"href":"https:\/\/esim-reviews.com\/es\/wp-json\/wp\/v2\/pages\/13953\/revisions"}],"wp:featuredmedia":[{"embeddable":true,"href":"https:\/\/esim-reviews.com\/es\/wp-json\/wp\/v2\/media\/13929"}],"wp:attachment":[{"href":"https:\/\/esim-reviews.com\/es\/wp-json\/wp\/v2\/media?parent=13953"}],"curies":[{"name":"wp","href":"https:\/\/api.w.org\/{rel}","templated":true}]}}