{"id":11349,"date":"2025-07-18T17:14:46","date_gmt":"2025-07-18T14:14:46","guid":{"rendered":"https:\/\/esim-reviews.com\/terminos-y-condiciones\/"},"modified":"2026-01-10T23:15:37","modified_gmt":"2026-01-10T20:15:37","slug":"terminos-y-condiciones","status":"publish","type":"page","link":"https:\/\/esim-reviews.com\/es\/terminos-y-condiciones\/","title":{"rendered":"T\u00e9rminos y condiciones"},"content":{"rendered":"\t\t<div data-elementor-type=\"wp-page\" data-elementor-id=\"11349\" class=\"elementor elementor-11349 elementor-5153\" data-elementor-post-type=\"page\">\n\t\t\t\t<div class=\"elementor-element elementor-element-62c9273 e-flex e-con-boxed e-con e-parent\" data-id=\"62c9273\" data-element_type=\"container\" data-e-type=\"container\">\n\t\t\t\t\t<div class=\"e-con-inner\">\n\t\t\t\t<div class=\"elementor-element elementor-element-ba6e7a0 elementor-widget elementor-widget-text-editor\" data-id=\"ba6e7a0\" data-element_type=\"widget\" data-e-type=\"widget\" data-widget_type=\"text-editor.default\">\n\t\t\t\t<div class=\"elementor-widget-container\">\n\t\t\t\t\t\t\t\t\t<p data-start=\"1938\" data-end=\"2025\">Bienvenido a eSIM Reviews. Al utilizar este sitio web, aceptas los siguientes t\u00e9rminos:<\/p><h3 data-start=\"2027\" data-end=\"2053\">1. Sobre nuestro contenido<\/h3><ul data-start=\"2055\" data-end=\"2267\"><li data-start=\"2055\" data-end=\"2122\"><p data-start=\"2057\" data-end=\"2122\">Nuestro contenido tiene fines informativos y educativos \u00fanicamente.<\/p><\/li><li data-start=\"2123\" data-end=\"2209\"><p data-start=\"2125\" data-end=\"2209\">Proporcionamos rese\u00f1as, comparaciones y gu\u00edas independientes relacionadas con los proveedores de eSIM.<\/p><\/li><li data-start=\"2210\" data-end=\"2267\"><p data-start=\"2212\" data-end=\"2267\"><strong data-start=\"2218\" data-end=\"2225\">No<\/strong> vendemos ni proporcionamos servicios de eSIM directamente.<\/p><\/li><\/ul><h3 data-start=\"2269\" data-end=\"2298\">2. Divulgaci\u00f3n de afiliados<\/h3><p data-start=\"2300\" data-end=\"2451\">Es posible que ganemos comisiones por las compras realizadas a trav\u00e9s de enlaces de afiliados en este sitio. Esto <strong data-start=\"2392\" data-end=\"2399\">no<\/strong> afecta nuestra integridad editorial ni nuestro proceso de revisi\u00f3n. <\/p><h3 data-start=\"2453\" data-end=\"2485\">3. Exactitud de la informaci\u00f3n<\/h3><p data-start=\"2487\" data-end=\"2674\">Si bien nos esforzamos por la exactitud, no ofrecemos garant\u00edas sobre la integridad o la correcci\u00f3n de la informaci\u00f3n. Siempre verifica los detalles directamente con el proveedor de eSIM antes de realizar una compra. <\/p><h3 data-start=\"2676\" data-end=\"2708\">4. Limitaci\u00f3n de responsabilidad<\/h3><p data-start=\"2710\" data-end=\"2876\">No somos responsables de ninguna p\u00e9rdida, da\u00f1o o consecuencia que surja del uso de nuestro contenido o recomendaciones. Tus decisiones son tu \u00fanica responsabilidad.<\/p><h3 data-start=\"2878\" data-end=\"2906\">5. Responsabilidad del usuario<\/h3><ul data-start=\"2908\" data-end=\"3047\"><li data-start=\"2908\" data-end=\"2977\"><p data-start=\"2910\" data-end=\"2977\">Aseg\u00farate de que cualquier producto o servicio satisfaga tus necesidades antes de comprarlo.<\/p><\/li><li data-start=\"2978\" data-end=\"3047\"><p data-start=\"2980\" data-end=\"3047\">Consulta las regulaciones locales, los t\u00e9rminos del operador y la compatibilidad del dispositivo.<\/p><\/li><\/ul><h3 data-start=\"3049\" data-end=\"3079\">6. Propiedad intelectual<\/h3><p data-start=\"3081\" data-end=\"3194\">Todo el contenido del sitio es propiedad de eSIM Reviews salvo que se indique lo contrario. La reproducci\u00f3n no autorizada est\u00e1 prohibida.<\/p><h3 data-start=\"3196\" data-end=\"3218\">7. Ley aplicable<\/h3><p data-start=\"3220\" data-end=\"3282\">Estos T\u00e9rminos se rigen por las leyes del Estado de Israel.<\/p>\t\t\t\t\t\t\t\t<\/div>\n\t\t\t\t<\/div>\n\t\t\t\t\t<\/div>\n\t\t\t\t<\/div>\n\t\t<div class=\"elementor-element elementor-element-2458c92 e-flex e-con-boxed e-con e-parent\" data-id=\"2458c92\" data-element_type=\"container\" data-e-type=\"container\">\n\t\t\t\t\t<div class=\"e-con-inner\">\n\t\t\t\t<div class=\"elementor-element elementor-element-9bc80a7 elementor-widget-divider--view-line elementor-widget elementor-widget-divider\" data-id=\"9bc80a7\" data-element_type=\"widget\" data-e-type=\"widget\" data-widget_type=\"divider.default\">\n\t\t\t\t<div class=\"elementor-widget-container\">\n\t\t\t\t\t\t\t<div class=\"elementor-divider\">\n\t\t\t<span class=\"elementor-divider-separator\">\n\t\t\t\t\t\t<\/span>\n\t\t<\/div>\n\t\t\t\t\t\t<\/div>\n\t\t\t\t<\/div>\n\t\t\t\t\t<\/div>\n\t\t\t\t<\/div>\n\t\t<div class=\"elementor-element elementor-element-a468f9b e-flex e-con-boxed e-con e-parent\" data-id=\"a468f9b\" data-element_type=\"container\" data-e-type=\"container\">\n\t\t\t\t\t<div class=\"e-con-inner\">\n\t\t\t\t<div class=\"elementor-element elementor-element-18eb706 elementor-widget elementor-widget-text-editor\" data-id=\"18eb706\" data-element_type=\"widget\" data-e-type=\"widget\" data-widget_type=\"text-editor.default\">\n\t\t\t\t<div class=\"elementor-widget-container\">\n\t\t\t\t\t\t\t\t\t<h2 data-start=\"3289\" data-end=\"3304\">Descargo de responsabilidad<\/h2><p data-start=\"3306\" data-end=\"3396\">La informaci\u00f3n proporcionada en <strong data-start=\"3334\" data-end=\"3350\">eSIM Reviews<\/strong> tiene \u00fanicamente fines informativos generales.<\/p><ul data-start=\"3398\" data-end=\"3688\"><li data-start=\"3398\" data-end=\"3480\"><p data-start=\"3400\" data-end=\"3480\">No garantizamos la exactitud, integridad o fiabilidad de la informaci\u00f3n.<\/p><\/li><li data-start=\"3481\" data-end=\"3556\"><p data-start=\"3483\" data-end=\"3556\"><strong data-start=\"3490\" data-end=\"3497\">No<\/strong> somos responsables de ninguna decisi\u00f3n tomada en base a nuestro contenido.<\/p><\/li><li data-start=\"3557\" data-end=\"3614\"><p data-start=\"3559\" data-end=\"3614\">Tus acciones y decisiones se toman bajo tu propio riesgo.<\/p><\/li><li data-start=\"3615\" data-end=\"3688\"><p data-start=\"3617\" data-end=\"3688\">Siempre investiga por tu cuenta antes de comprar cualquier producto o servicio.<\/p><\/li><\/ul><p data-start=\"3690\" data-end=\"3818\">Aviso de afiliaci\u00f3n: Podemos ganar comisiones de los enlaces en este sitio. Esto no afecta nuestras rese\u00f1as u opiniones.<\/p><p data-start=\"3820\" data-end=\"3945\"><strong data-start=\"3820\" data-end=\"3847\">Sin asesoramiento profesional:<\/strong><br data-start=\"3847\" data-end=\"3850\">El contenido de este sitio no constituye asesoramiento profesional, legal, financiero o t\u00e9cnico.<\/p>\t\t\t\t\t\t\t\t<\/div>\n\t\t\t\t<\/div>\n\t\t\t\t\t<\/div>\n\t\t\t\t<\/div>\n\t\t<div class=\"elementor-element elementor-element-72daeb9 e-flex e-con-boxed e-con e-parent\" data-id=\"72daeb9\" data-element_type=\"container\" data-e-type=\"container\">\n\t\t\t\t\t<div class=\"e-con-inner\">\n\t\t\t\t<div class=\"elementor-element elementor-element-0a04d69 elementor-widget-divider--view-line elementor-widget elementor-widget-divider\" data-id=\"0a04d69\" data-element_type=\"widget\" data-e-type=\"widget\" data-widget_type=\"divider.default\">\n\t\t\t\t<div class=\"elementor-widget-container\">\n\t\t\t\t\t\t\t<div class=\"elementor-divider\">\n\t\t\t<span class=\"elementor-divider-separator\">\n\t\t\t\t\t\t<\/span>\n\t\t<\/div>\n\t\t\t\t\t\t<\/div>\n\t\t\t\t<\/div>\n\t\t\t\t\t<\/div>\n\t\t\t\t<\/div>\n\t\t<div class=\"elementor-element elementor-element-2a4fb0e e-flex e-con-boxed e-con e-parent\" data-id=\"2a4fb0e\" data-element_type=\"container\" data-e-type=\"container\">\n\t\t\t\t\t<div class=\"e-con-inner\">\n\t\t\t\t<div class=\"elementor-element elementor-element-4b014ca elementor-widget elementor-widget-text-editor\" data-id=\"4b014ca\" data-element_type=\"widget\" data-e-type=\"widget\" data-widget_type=\"text-editor.default\">\n\t\t\t\t<div class=\"elementor-widget-container\">\n\t\t\t\t\t\t\t\t\t<h2 data-start=\"3952\" data-end=\"3967\">Cont\u00e1ctenos<\/h2><p data-start=\"3969\" data-end=\"4056\">Si tienes preguntas sobre nuestra Pol\u00edtica de privacidad, T\u00e9rminos o Descargo de responsabilidad, ponte en contacto con:<\/p><p data-start=\"4058\" data-end=\"4095\"><strong data-start=\"4058\" data-end=\"4068\">Email:<\/strong> <a class=\"cursor-pointer\" href=\"mailto:contact-us@esim-reviews.com\" rel=\"noopener\" data-start=\"4069\" data-end=\"4093\">contact-us@esim-reviews.com<\/a><\/p>\t\t\t\t\t\t\t\t<\/div>\n\t\t\t\t<\/div>\n\t\t\t\t\t<\/div>\n\t\t\t\t<\/div>\n\t\t\t\t<\/div>\n\t\t","protected":false},"excerpt":{"rendered":"<p>Bienvenido a eSIM Reviews. Al utilizar este sitio web, aceptas los siguientes t\u00e9rminos: 1. Sobre nuestro contenido Nuestro contenido tiene fines informativos y educativos \u00fanicamente. Proporcionamos rese\u00f1as, comparaciones y gu\u00edas independientes relacionadas con los proveedores de eSIM. No vendemos ni proporcionamos servicios de eSIM directamente. 2. Divulgaci\u00f3n de afiliados Es posible que ganemos comisiones por [&hellip;]<\/p>\n","protected":false},"author":1,"featured_media":0,"parent":0,"menu_order":0,"comment_status":"closed","ping_status":"closed","template":"","meta":{"footnotes":""},"class_list":["post-11349","page","type-page","status-publish","hentry"],"_links":{"self":[{"href":"https:\/\/esim-reviews.com\/es\/wp-json\/wp\/v2\/pages\/11349","targetHints":{"allow":["GET"]}}],"collection":[{"href":"https:\/\/esim-reviews.com\/es\/wp-json\/wp\/v2\/pages"}],"about":[{"href":"https:\/\/esim-reviews.com\/es\/wp-json\/wp\/v2\/types\/page"}],"author":[{"embeddable":true,"href":"https:\/\/esim-reviews.com\/es\/wp-json\/wp\/v2\/users\/1"}],"replies":[{"embeddable":true,"href":"https:\/\/esim-reviews.com\/es\/wp-json\/wp\/v2\/comments?post=11349"}],"version-history":[{"count":0,"href":"https:\/\/esim-reviews.com\/es\/wp-json\/wp\/v2\/pages\/11349\/revisions"}],"wp:attachment":[{"href":"https:\/\/esim-reviews.com\/es\/wp-json\/wp\/v2\/media?parent=11349"}],"curies":[{"name":"wp","href":"https:\/\/api.w.org\/{rel}","templated":true}]}}