{"id":11345,"date":"2025-06-16T19:22:19","date_gmt":"2025-06-16T16:22:19","guid":{"rendered":"https:\/\/esim-reviews.com\/politica-de-privacidad\/"},"modified":"2026-01-10T23:16:14","modified_gmt":"2026-01-10T20:16:14","slug":"politica-de-privacidad","status":"publish","type":"page","link":"https:\/\/esim-reviews.com\/es\/politica-de-privacidad\/","title":{"rendered":"Pol\u00edtica de privacidad"},"content":{"rendered":"\t\t<div data-elementor-type=\"wp-page\" data-elementor-id=\"11345\" class=\"elementor elementor-11345 elementor-3\" data-elementor-post-type=\"page\">\n\t\t\t\t<div class=\"elementor-element elementor-element-268087b e-flex e-con-boxed e-con e-parent\" data-id=\"268087b\" data-element_type=\"container\" data-e-type=\"container\">\n\t\t\t\t\t<div class=\"e-con-inner\">\n\t\t\t\t<div class=\"elementor-element elementor-element-3691754 elementor-widget elementor-widget-text-editor\" data-id=\"3691754\" data-element_type=\"widget\" data-e-type=\"widget\" data-widget_type=\"text-editor.default\">\n\t\t\t\t<div class=\"elementor-widget-container\">\n\t\t\t\t\t\t\t\t\t<p data-start=\"279\" data-end=\"484\">En eSIM Reviews (<a class=\"\" href=\"https:\/\/esim-reviews.com\/es\/\" target=\"_new\" rel=\"noopener\" data-start=\"300\" data-end=\"324\"><strong data-start=\"282\" data-end=\"298\">https:\/\/esim-reviews.com<\/strong><\/a>), respetamos tu privacidad y estamos comprometidos con la protecci\u00f3n de tus datos personales. Esta Pol\u00edtica de Privacidad describe c\u00f3mo recopilamos, usamos y protegemos tu informaci\u00f3n.<\/p><h3 data-start=\"486\" data-end=\"517\">1. Informaci\u00f3n que recopilamos<\/h3><ul data-start=\"519\" data-end=\"827\"><li data-start=\"519\" data-end=\"607\"><p data-start=\"521\" data-end=\"607\"><strong data-start=\"521\" data-end=\"536\">Datos de uso:<\/strong> Direcci\u00f3n IP, tipo de navegador, p\u00e1ginas visitadas y tiempo de permanencia en el sitio.<\/p><\/li><li data-start=\"608\" data-end=\"717\"><p data-start=\"610\" data-end=\"717\"><strong data-start=\"610\" data-end=\"633\">Cookies y seguimiento:<\/strong> Utilizamos cookies para an\u00e1lisis, seguimiento de afiliados y para mejorar la experiencia del usuario.<\/p><\/li><li data-start=\"718\" data-end=\"827\"><p data-start=\"720\" data-end=\"827\"><strong data-start=\"720\" data-end=\"744\">Informaci\u00f3n de contacto:<\/strong> Si te pones en contacto con nosotros, recopilamos tu nombre, correo electr\u00f3nico y cualquier informaci\u00f3n que nos proporciones.<\/p><\/li><\/ul><h3 data-start=\"829\" data-end=\"865\">2. C\u00f3mo utilizamos tu informaci\u00f3n<\/h3><ul data-start=\"867\" data-end=\"1062\"><li data-start=\"867\" data-end=\"906\"><p data-start=\"869\" data-end=\"906\">Para operar y mejorar nuestro sitio web.<\/p><\/li><li data-start=\"907\" data-end=\"957\"><p data-start=\"909\" data-end=\"957\">Para analizar el comportamiento del usuario y el rendimiento del sitio.<\/p><\/li><li data-start=\"958\" data-end=\"1010\"><p data-start=\"960\" data-end=\"1010\">Para responder a tus preguntas y comunicaciones.<\/p><\/li><li data-start=\"1011\" data-end=\"1062\"><p data-start=\"1013\" data-end=\"1062\">Para cumplir con las leyes y regulaciones aplicables.<\/p><\/li><\/ul><h3 data-start=\"1064\" data-end=\"1097\">3. Compartir tu informaci\u00f3n<\/h3><p data-start=\"1099\" data-end=\"1279\">No vendemos ni alquilamos tu informaci\u00f3n personal. Podemos compartir informaci\u00f3n con proveedores de servicios confiables para fines de an\u00e1lisis, seguimiento de afiliados y comunicaci\u00f3n por correo electr\u00f3nico.<\/p><h3 data-start=\"1281\" data-end=\"1307\">4. Enlaces de terceros<\/h3><p data-start=\"1309\" data-end=\"1448\">Nuestro sitio contiene enlaces a sitios web de terceros, incluidos enlaces de afiliados. No somos responsables de su contenido o pol\u00edticas de privacidad. <\/p><h3 data-start=\"1450\" data-end=\"1470\">5. Tus derechos<\/h3><p data-start=\"1472\" data-end=\"1593\">Puedes solicitar acceso, correcci\u00f3n o eliminaci\u00f3n de tus datos personales contact\u00e1ndonos en <a class=\"cursor-pointer\" rel=\"noopener\" data-start=\"1564\" data-end=\"1588\"><strong data-start=\"1562\" data-end=\"1590\">contact-us@esim-reviews.com<\/strong><\/a><\/p><h3 data-start=\"1595\" data-end=\"1617\">6. Seguridad de los datos<\/h3><p data-start=\"1619\" data-end=\"1721\">Implementamos medidas razonables para proteger tu informaci\u00f3n, pero no podemos garantizar una seguridad completa.<\/p><h3 data-start=\"1723\" data-end=\"1754\">7. Cambios en esta pol\u00edtica<\/h3><p data-start=\"1756\" data-end=\"1868\">Podemos actualizar esta Pol\u00edtica de privacidad de vez en cuando. La \u00faltima versi\u00f3n siempre estar\u00e1 disponible en esta p\u00e1gina. <\/p>\t\t\t\t\t\t\t\t<\/div>\n\t\t\t\t<\/div>\n\t\t\t\t\t<\/div>\n\t\t\t\t<\/div>\n\t\t\t\t<\/div>\n\t\t","protected":false},"excerpt":{"rendered":"<p>En eSIM Reviews (https:\/\/esim-reviews.com), respetamos tu privacidad y estamos comprometidos con la protecci\u00f3n de tus datos personales. Esta Pol\u00edtica de Privacidad describe c\u00f3mo recopilamos, usamos y protegemos tu informaci\u00f3n. 1. Informaci\u00f3n que recopilamos Datos de uso: Direcci\u00f3n IP, tipo de navegador, p\u00e1ginas visitadas y tiempo de permanencia en el sitio. Cookies y seguimiento: Utilizamos cookies [&hellip;]<\/p>\n","protected":false},"author":1,"featured_media":0,"parent":0,"menu_order":0,"comment_status":"closed","ping_status":"closed","template":"","meta":{"footnotes":""},"class_list":["post-11345","page","type-page","status-publish","hentry"],"_links":{"self":[{"href":"https:\/\/esim-reviews.com\/es\/wp-json\/wp\/v2\/pages\/11345","targetHints":{"allow":["GET"]}}],"collection":[{"href":"https:\/\/esim-reviews.com\/es\/wp-json\/wp\/v2\/pages"}],"about":[{"href":"https:\/\/esim-reviews.com\/es\/wp-json\/wp\/v2\/types\/page"}],"author":[{"embeddable":true,"href":"https:\/\/esim-reviews.com\/es\/wp-json\/wp\/v2\/users\/1"}],"replies":[{"embeddable":true,"href":"https:\/\/esim-reviews.com\/es\/wp-json\/wp\/v2\/comments?post=11345"}],"version-history":[{"count":0,"href":"https:\/\/esim-reviews.com\/es\/wp-json\/wp\/v2\/pages\/11345\/revisions"}],"wp:attachment":[{"href":"https:\/\/esim-reviews.com\/es\/wp-json\/wp\/v2\/media?parent=11345"}],"curies":[{"name":"wp","href":"https:\/\/api.w.org\/{rel}","templated":true}]}}