{"id":13947,"date":"2025-06-24T19:17:37","date_gmt":"2025-06-24T16:17:37","guid":{"rendered":"https:\/\/esim-reviews.com\/bewertungen\/"},"modified":"2026-01-10T23:48:16","modified_gmt":"2026-01-10T20:48:16","slug":"bewertungen","status":"publish","type":"page","link":"https:\/\/esim-reviews.com\/de\/bewertungen\/","title":{"rendered":"Bewertungen"},"content":{"rendered":"\t\t<div data-elementor-type=\"wp-page\" data-elementor-id=\"13947\" class=\"elementor elementor-13947 elementor-1627\" data-elementor-post-type=\"page\">\n\t\t\t\t<div class=\"elementor-element elementor-element-ed196da e-flex e-con-boxed e-con e-child\" data-id=\"ed196da\" data-element_type=\"container\" data-e-type=\"container\">\n\t\t\t\t\t<div class=\"e-con-inner\">\n\t\t\t\t<div class=\"elementor-element elementor-element-0aeec27 elementor-posts__hover-none elementor-grid-3 elementor-grid-tablet-2 elementor-grid-mobile-1 elementor-posts--thumbnail-top elementor-card-shadow-yes elementor-widget elementor-widget-posts\" data-id=\"0aeec27\" data-element_type=\"widget\" data-e-type=\"widget\" data-settings=\"{&quot;cards_row_gap&quot;:{&quot;unit&quot;:&quot;em&quot;,&quot;size&quot;:3.5,&quot;sizes&quot;:[]},&quot;cards_row_gap_laptop&quot;:{&quot;unit&quot;:&quot;em&quot;,&quot;size&quot;:&quot;&quot;,&quot;sizes&quot;:[]},&quot;cards_row_gap_tablet&quot;:{&quot;unit&quot;:&quot;em&quot;,&quot;size&quot;:&quot;&quot;,&quot;sizes&quot;:[]},&quot;cards_row_gap_mobile&quot;:{&quot;unit&quot;:&quot;em&quot;,&quot;size&quot;:&quot;&quot;,&quot;sizes&quot;:[]},&quot;cards_columns&quot;:&quot;3&quot;,&quot;cards_columns_tablet&quot;:&quot;2&quot;,&quot;cards_columns_mobile&quot;:&quot;1&quot;}\" data-widget_type=\"posts.cards\">\n\t\t\t\t<div class=\"elementor-widget-container\">\n\t\t\t\t\t\t\t<div class=\"elementor-posts-container elementor-posts elementor-posts--skin-cards elementor-grid\" role=\"list\">\n\t\t\t\t<article class=\"elementor-post elementor-grid-item post-24977 page type-page status-publish has-post-thumbnail hentry\" role=\"listitem\">\n\t\t\t<div class=\"elementor-post__card\">\n\t\t\t\t<a class=\"elementor-post__thumbnail__link\" href=\"https:\/\/esim-reviews.com\/de\/bewertungen\/jetpac-esim-bewertung\/\" tabindex=\"-1\" target=\"_blank\"><div class=\"elementor-post__thumbnail\"><img fetchpriority=\"high\" decoding=\"async\" width=\"2000\" height=\"1335\" src=\"https:\/\/esim-reviews.com\/wp-content\/uploads\/2025\/07\/Jetpac-eSIM-Review.png\" class=\"attachment-full size-full wp-image-18335\" alt=\"\" srcset=\"https:\/\/esim-reviews.com\/wp-content\/uploads\/2025\/07\/Jetpac-eSIM-Review.png 2000w, https:\/\/esim-reviews.com\/wp-content\/uploads\/2025\/07\/Jetpac-eSIM-Review-768x513.png 768w, https:\/\/esim-reviews.com\/wp-content\/uploads\/2025\/07\/Jetpac-eSIM-Review-1280x854.png 1280w, https:\/\/esim-reviews.com\/wp-content\/uploads\/2025\/07\/Jetpac-eSIM-Review-150x100.png 150w, https:\/\/esim-reviews.com\/wp-content\/uploads\/2025\/07\/Jetpac-eSIM-Review-1536x1025.png 1536w, https:\/\/esim-reviews.com\/wp-content\/uploads\/2025\/07\/Jetpac-eSIM-Review-450x300.png 450w, https:\/\/esim-reviews.com\/wp-content\/uploads\/2025\/07\/Jetpac-eSIM-Review-1200x801.png 1200w\" sizes=\"(max-width: 2000px) 100vw, 2000px\" title=\"- eSIM Reviews\"><\/div><\/a>\n\t\t\t\t<div class=\"elementor-post__text\">\n\t\t\t\t<h3 class=\"elementor-post__title\">\n\t\t\t<a href=\"https:\/\/esim-reviews.com\/de\/bewertungen\/jetpac-esim-bewertung\/\">\n\t\t\t\tJetpac eSIM Bewertung\t\t\t<\/a>\n\t\t<\/h3>\n\t\t\t\t<div class=\"elementor-post__excerpt\">\n\t\t\t<p>Jetpac ist einer der aufstrebenden Namen auf dem eSIM-Markt \u2013 aber ist es eine kluge Wahl f\u00fcr deine Reise? In diesem Testbericht haben wir den eSIM-Service von Jetpac untersucht und<\/p>\n\t\t<\/div>\n\t\t\n\t\t<a class=\"elementor-post__read-more\" href=\"https:\/\/esim-reviews.com\/de\/bewertungen\/jetpac-esim-bewertung\/\" aria-label=\"Mehr \u00fcber Jetpac eSIM Bewertung\" tabindex=\"-1\" target=\"_blank\">\n\t\t\tMehr erfahren \u00bb\t\t<\/a>\n\n\t\t\t\t<\/div>\n\t\t\t\t\t<\/div>\n\t\t<\/article>\n\t\t\t\t<article class=\"elementor-post elementor-grid-item post-24950 page type-page status-publish has-post-thumbnail hentry\" role=\"listitem\">\n\t\t\t<div class=\"elementor-post__card\">\n\t\t\t\t<a class=\"elementor-post__thumbnail__link\" href=\"https:\/\/esim-reviews.com\/de\/bewertungen\/gigsky-esim-bewertung\/\" tabindex=\"-1\" target=\"_blank\"><div class=\"elementor-post__thumbnail\"><img decoding=\"async\" width=\"2000\" height=\"1335\" src=\"https:\/\/esim-reviews.com\/wp-content\/uploads\/2025\/07\/Gigsky-eSIM-Review.png\" class=\"attachment-full size-full wp-image-17826\" alt=\"\" srcset=\"https:\/\/esim-reviews.com\/wp-content\/uploads\/2025\/07\/Gigsky-eSIM-Review.png 2000w, https:\/\/esim-reviews.com\/wp-content\/uploads\/2025\/07\/Gigsky-eSIM-Review-768x513.png 768w, https:\/\/esim-reviews.com\/wp-content\/uploads\/2025\/07\/Gigsky-eSIM-Review-1280x854.png 1280w, https:\/\/esim-reviews.com\/wp-content\/uploads\/2025\/07\/Gigsky-eSIM-Review-150x100.png 150w, https:\/\/esim-reviews.com\/wp-content\/uploads\/2025\/07\/Gigsky-eSIM-Review-1536x1025.png 1536w, https:\/\/esim-reviews.com\/wp-content\/uploads\/2025\/07\/Gigsky-eSIM-Review-450x300.png 450w, https:\/\/esim-reviews.com\/wp-content\/uploads\/2025\/07\/Gigsky-eSIM-Review-1200x801.png 1200w\" sizes=\"(max-width: 2000px) 100vw, 2000px\" title=\"- eSIM Reviews\"><\/div><\/a>\n\t\t\t\t<div class=\"elementor-post__text\">\n\t\t\t\t<h3 class=\"elementor-post__title\">\n\t\t\t<a href=\"https:\/\/esim-reviews.com\/de\/bewertungen\/gigsky-esim-bewertung\/\">\n\t\t\t\tGigsky eSIM Bewertung\t\t\t<\/a>\n\t\t<\/h3>\n\t\t\t\t<div class=\"elementor-post__excerpt\">\n\t\t\t<p>GigSky ist einer der zuverl\u00e4ssigsten eSIM-Anbieter auf dem Markt \u2013 aber ist er die richtige Wahl f\u00fcr deine Reise? In diesem Testbericht haben wir den eSIM-Service von GigSky untersucht und<\/p>\n\t\t<\/div>\n\t\t\n\t\t<a class=\"elementor-post__read-more\" href=\"https:\/\/esim-reviews.com\/de\/bewertungen\/gigsky-esim-bewertung\/\" aria-label=\"Mehr \u00fcber Gigsky eSIM Bewertung\" tabindex=\"-1\" target=\"_blank\">\n\t\t\tMehr erfahren \u00bb\t\t<\/a>\n\n\t\t\t\t<\/div>\n\t\t\t\t\t<\/div>\n\t\t<\/article>\n\t\t\t\t<article class=\"elementor-post elementor-grid-item post-18153 page type-page status-publish has-post-thumbnail hentry\" role=\"listitem\">\n\t\t\t<div class=\"elementor-post__card\">\n\t\t\t\t<a class=\"elementor-post__thumbnail__link\" href=\"https:\/\/esim-reviews.com\/de\/bewertungen\/airalo-esim-bewertung\/\" tabindex=\"-1\" target=\"_blank\"><div class=\"elementor-post__thumbnail\"><img decoding=\"async\" width=\"2000\" height=\"1335\" src=\"https:\/\/esim-reviews.com\/wp-content\/uploads\/2025\/07\/Airalo-eSIM-Review.png\" class=\"attachment-full size-full wp-image-14268\" alt=\"\" srcset=\"https:\/\/esim-reviews.com\/wp-content\/uploads\/2025\/07\/Airalo-eSIM-Review.png 2000w, https:\/\/esim-reviews.com\/wp-content\/uploads\/2025\/07\/Airalo-eSIM-Review-768x513.png 768w, https:\/\/esim-reviews.com\/wp-content\/uploads\/2025\/07\/Airalo-eSIM-Review-1280x854.png 1280w, https:\/\/esim-reviews.com\/wp-content\/uploads\/2025\/07\/Airalo-eSIM-Review-150x100.png 150w, https:\/\/esim-reviews.com\/wp-content\/uploads\/2025\/07\/Airalo-eSIM-Review-1536x1025.png 1536w, https:\/\/esim-reviews.com\/wp-content\/uploads\/2025\/07\/Airalo-eSIM-Review-450x300.png 450w, https:\/\/esim-reviews.com\/wp-content\/uploads\/2025\/07\/Airalo-eSIM-Review-1200x801.png 1200w\" sizes=\"(max-width: 2000px) 100vw, 2000px\" title=\"- eSIM Reviews\"><\/div><\/a>\n\t\t\t\t<div class=\"elementor-post__text\">\n\t\t\t\t<h3 class=\"elementor-post__title\">\n\t\t\t<a href=\"https:\/\/esim-reviews.com\/de\/bewertungen\/airalo-esim-bewertung\/\">\n\t\t\t\tAiralo eSIM Bewertung\t\t\t<\/a>\n\t\t<\/h3>\n\t\t\t\t<div class=\"elementor-post__excerpt\">\n\t\t\t<p>Airalo ist einer der beliebtesten eSIM-Anbieter weltweit \u2013 aber ist es wirklich die richtige Wahl f\u00fcr deine Reise? In dieser Bewertung haben wir den eSIM-Dienst von Airalo untersucht, dabei die<\/p>\n\t\t<\/div>\n\t\t\n\t\t<a class=\"elementor-post__read-more\" href=\"https:\/\/esim-reviews.com\/de\/bewertungen\/airalo-esim-bewertung\/\" aria-label=\"Mehr \u00fcber Airalo eSIM Bewertung\" tabindex=\"-1\" target=\"_blank\">\n\t\t\tMehr erfahren \u00bb\t\t<\/a>\n\n\t\t\t\t<\/div>\n\t\t\t\t\t<\/div>\n\t\t<\/article>\n\t\t\t\t<article class=\"elementor-post elementor-grid-item post-18085 page type-page status-publish has-post-thumbnail hentry\" role=\"listitem\">\n\t\t\t<div class=\"elementor-post__card\">\n\t\t\t\t<a class=\"elementor-post__thumbnail__link\" href=\"https:\/\/esim-reviews.com\/de\/bewertungen\/maya-esim-bewertung\/\" tabindex=\"-1\" target=\"_blank\"><div class=\"elementor-post__thumbnail\"><img loading=\"lazy\" decoding=\"async\" width=\"1000\" height=\"667\" src=\"https:\/\/esim-reviews.com\/wp-content\/uploads\/2025\/07\/Maya-eSIM-Review.jpg\" class=\"attachment-full size-full wp-image-14145\" alt=\"\" srcset=\"https:\/\/esim-reviews.com\/wp-content\/uploads\/2025\/07\/Maya-eSIM-Review.jpg 1000w, https:\/\/esim-reviews.com\/wp-content\/uploads\/2025\/07\/Maya-eSIM-Review-768x512.jpg 768w, https:\/\/esim-reviews.com\/wp-content\/uploads\/2025\/07\/Maya-eSIM-Review-150x100.jpg 150w, https:\/\/esim-reviews.com\/wp-content\/uploads\/2025\/07\/Maya-eSIM-Review-450x300.jpg 450w\" sizes=\"(max-width: 1000px) 100vw, 1000px\" title=\"- eSIM Reviews\"><\/div><\/a>\n\t\t\t\t<div class=\"elementor-post__text\">\n\t\t\t\t<h3 class=\"elementor-post__title\">\n\t\t\t<a href=\"https:\/\/esim-reviews.com\/de\/bewertungen\/maya-esim-bewertung\/\">\n\t\t\t\tMaya eSIM Bewertung\t\t\t<\/a>\n\t\t<\/h3>\n\t\t\t\t<div class=\"elementor-post__excerpt\">\n\t\t\t<p>Einer der f\u00fchrenden eSIM-Anbieter ist Maya \u2013 aber ist es das wert? In dieser Bewertung haben wir den Maya eSIM-Service untersucht und dabei die 5G-Abdeckung und -Verf\u00fcgbarkeit, die Preisgestaltung und<\/p>\n\t\t<\/div>\n\t\t\n\t\t<a class=\"elementor-post__read-more\" href=\"https:\/\/esim-reviews.com\/de\/bewertungen\/maya-esim-bewertung\/\" aria-label=\"Mehr \u00fcber Maya eSIM Bewertung\" tabindex=\"-1\" target=\"_blank\">\n\t\t\tMehr erfahren \u00bb\t\t<\/a>\n\n\t\t\t\t<\/div>\n\t\t\t\t\t<\/div>\n\t\t<\/article>\n\t\t\t\t<article class=\"elementor-post elementor-grid-item post-18179 page type-page status-publish has-post-thumbnail hentry\" role=\"listitem\">\n\t\t\t<div class=\"elementor-post__card\">\n\t\t\t\t<a class=\"elementor-post__thumbnail__link\" href=\"https:\/\/esim-reviews.com\/de\/bewertungen\/saily-esim-bewertung\/\" tabindex=\"-1\" target=\"_blank\"><div class=\"elementor-post__thumbnail\"><img loading=\"lazy\" decoding=\"async\" width=\"2000\" height=\"1335\" src=\"https:\/\/esim-reviews.com\/wp-content\/uploads\/2025\/07\/Saily-eSIM-Review.png\" class=\"attachment-full size-full wp-image-14232\" alt=\"\" srcset=\"https:\/\/esim-reviews.com\/wp-content\/uploads\/2025\/07\/Saily-eSIM-Review.png 2000w, https:\/\/esim-reviews.com\/wp-content\/uploads\/2025\/07\/Saily-eSIM-Review-768x513.png 768w, https:\/\/esim-reviews.com\/wp-content\/uploads\/2025\/07\/Saily-eSIM-Review-1280x854.png 1280w, https:\/\/esim-reviews.com\/wp-content\/uploads\/2025\/07\/Saily-eSIM-Review-150x100.png 150w, https:\/\/esim-reviews.com\/wp-content\/uploads\/2025\/07\/Saily-eSIM-Review-1536x1025.png 1536w, https:\/\/esim-reviews.com\/wp-content\/uploads\/2025\/07\/Saily-eSIM-Review-450x300.png 450w, https:\/\/esim-reviews.com\/wp-content\/uploads\/2025\/07\/Saily-eSIM-Review-1200x801.png 1200w\" sizes=\"(max-width: 2000px) 100vw, 2000px\" title=\"- eSIM Reviews\"><\/div><\/a>\n\t\t\t\t<div class=\"elementor-post__text\">\n\t\t\t\t<h3 class=\"elementor-post__title\">\n\t\t\t<a href=\"https:\/\/esim-reviews.com\/de\/bewertungen\/saily-esim-bewertung\/\">\n\t\t\t\tSaily eSIM Bewertung\t\t\t<\/a>\n\t\t<\/h3>\n\t\t\t\t<div class=\"elementor-post__excerpt\">\n\t\t\t<p>Saily ist eine sicherheitsorientierte eSIM, die vom Team hinter NordVPN unterst\u00fctzt wird \u2013 aber ist sie die richtige Wahl f\u00fcr deine Reisebed\u00fcrfnisse? In dieser Bewertung haben wir Sailys eSIM-Dienst \u00fcberpr\u00fcft,<\/p>\n\t\t<\/div>\n\t\t\n\t\t<a class=\"elementor-post__read-more\" href=\"https:\/\/esim-reviews.com\/de\/bewertungen\/saily-esim-bewertung\/\" aria-label=\"Mehr \u00fcber Saily eSIM Bewertung\" tabindex=\"-1\" target=\"_blank\">\n\t\t\tMehr erfahren \u00bb\t\t<\/a>\n\n\t\t\t\t<\/div>\n\t\t\t\t\t<\/div>\n\t\t<\/article>\n\t\t\t\t<\/div>\n\t\t\n\t\t\t\t\t\t<\/div>\n\t\t\t\t<\/div>\n\t\t\t\t\t<\/div>\n\t\t\t\t<\/div>\n\t\t\t\t<\/div>\n\t\t","protected":false},"excerpt":{"rendered":"","protected":false},"author":1,"featured_media":13925,"parent":0,"menu_order":0,"comment_status":"closed","ping_status":"closed","template":"elementor_theme","meta":{"footnotes":""},"class_list":["post-13947","page","type-page","status-publish","has-post-thumbnail","hentry"],"_links":{"self":[{"href":"https:\/\/esim-reviews.com\/de\/wp-json\/wp\/v2\/pages\/13947","targetHints":{"allow":["GET"]}}],"collection":[{"href":"https:\/\/esim-reviews.com\/de\/wp-json\/wp\/v2\/pages"}],"about":[{"href":"https:\/\/esim-reviews.com\/de\/wp-json\/wp\/v2\/types\/page"}],"author":[{"embeddable":true,"href":"https:\/\/esim-reviews.com\/de\/wp-json\/wp\/v2\/users\/1"}],"replies":[{"embeddable":true,"href":"https:\/\/esim-reviews.com\/de\/wp-json\/wp\/v2\/comments?post=13947"}],"version-history":[{"count":0,"href":"https:\/\/esim-reviews.com\/de\/wp-json\/wp\/v2\/pages\/13947\/revisions"}],"wp:featuredmedia":[{"embeddable":true,"href":"https:\/\/esim-reviews.com\/de\/wp-json\/wp\/v2\/media\/13925"}],"wp:attachment":[{"href":"https:\/\/esim-reviews.com\/de\/wp-json\/wp\/v2\/media?parent=13947"}],"curies":[{"name":"wp","href":"https:\/\/api.w.org\/{rel}","templated":true}]}}