{"id":13148,"date":"2025-07-18T17:14:46","date_gmt":"2025-07-18T14:14:46","guid":{"rendered":"https:\/\/esim-reviews.com\/allgemeine-geschaeftsbedingungen\/"},"modified":"2026-01-10T23:15:36","modified_gmt":"2026-01-10T20:15:36","slug":"allgemeine-geschaeftsbedingungen","status":"publish","type":"page","link":"https:\/\/esim-reviews.com\/de\/allgemeine-geschaeftsbedingungen\/","title":{"rendered":"Allgemeine Gesch\u00e4ftsbedingungen"},"content":{"rendered":"\t\t<div data-elementor-type=\"wp-page\" data-elementor-id=\"13148\" class=\"elementor elementor-13148 elementor-5153\" data-elementor-post-type=\"page\">\n\t\t\t\t<div class=\"elementor-element elementor-element-62c9273 e-flex e-con-boxed e-con e-parent\" data-id=\"62c9273\" data-element_type=\"container\" data-e-type=\"container\">\n\t\t\t\t\t<div class=\"e-con-inner\">\n\t\t\t\t<div class=\"elementor-element elementor-element-ba6e7a0 elementor-widget elementor-widget-text-editor\" data-id=\"ba6e7a0\" data-element_type=\"widget\" data-e-type=\"widget\" data-widget_type=\"text-editor.default\">\n\t\t\t\t<div class=\"elementor-widget-container\">\n\t\t\t\t\t\t\t\t\t<p data-start=\"1938\" data-end=\"2025\">Willkommen bei eSIM Reviews. Durch die Nutzung dieser Website stimmen Sie den folgenden Bedingungen zu:<\/p><h3 data-start=\"2027\" data-end=\"2053\">1. \u00dcber unsere Inhalte<\/h3><ul data-start=\"2055\" data-end=\"2267\"><li data-start=\"2055\" data-end=\"2122\"><p data-start=\"2057\" data-end=\"2122\">Unsere Inhalte dienen ausschlie\u00dflich Informations- und Bildungszwecken.<\/p><\/li><li data-start=\"2123\" data-end=\"2209\"><p data-start=\"2125\" data-end=\"2209\">Wir bieten unabh\u00e4ngige Bewertungen, Vergleiche und Leitf\u00e4den zu eSIM-Anbietern.<\/p><\/li><li data-start=\"2210\" data-end=\"2267\"><p data-start=\"2212\" data-end=\"2267\">Wir verkaufen oder vermitteln <strong data-start=\"2218\" data-end=\"2225\">keine<\/strong> eSIM-Dienste direkt.<\/p><\/li><\/ul><h3 data-start=\"2269\" data-end=\"2298\">2. Affiliate-Offenlegung<\/h3><p data-start=\"2300\" data-end=\"2451\">Wir k\u00f6nnen Provisionen f\u00fcr K\u00e4ufe erhalten, die \u00fcber Affiliate-Links auf dieser Website get\u00e4tigt werden. Dies beeintr\u00e4chtigt <strong data-start=\"2392\" data-end=\"2399\">nicht<\/strong> unsere redaktionelle Integrit\u00e4t oder unseren Bewertungsprozess. <\/p><h3 data-start=\"2453\" data-end=\"2485\">3. Richtigkeit der Informationen<\/h3><p data-start=\"2487\" data-end=\"2674\">Obwohl wir uns um Genauigkeit bem\u00fchen, \u00fcbernehmen wir keine Garantie f\u00fcr die Vollst\u00e4ndigkeit oder Richtigkeit der Informationen. \u00dcberpr\u00fcfen Sie die Details immer direkt beim eSIM-Anbieter, bevor Sie einen Kauf t\u00e4tigen. <\/p><h3 data-start=\"2676\" data-end=\"2708\">4. Haftungsbeschr\u00e4nkung<\/h3><p data-start=\"2710\" data-end=\"2876\">Wir haften nicht f\u00fcr Verluste, Sch\u00e4den oder Folgen, die sich aus Ihrer Nutzung unserer Inhalte oder Empfehlungen ergeben. Ihre Entscheidungen liegen in Ihrer alleinigen Verantwortung.<\/p><h3 data-start=\"2878\" data-end=\"2906\">5. Verantwortung des Nutzers<\/h3><ul data-start=\"2908\" data-end=\"3047\"><li data-start=\"2908\" data-end=\"2977\"><p data-start=\"2910\" data-end=\"2977\">Stellen Sie sicher, dass ein Produkt oder eine Dienstleistung Ihren Bed\u00fcrfnissen entspricht, bevor Sie es kaufen.<\/p><\/li><li data-start=\"2978\" data-end=\"3047\"><p data-start=\"2980\" data-end=\"3047\">\u00dcberpr\u00fcfen Sie die lokalen Vorschriften, die Bedingungen des Anbieters und die Ger\u00e4tekompatibilit\u00e4t.<\/p><\/li><\/ul><h3 data-start=\"3049\" data-end=\"3079\">6. Geistiges Eigentum<\/h3><p data-start=\"3081\" data-end=\"3194\">Alle Inhalte der Website sind Eigentum von eSIM Reviews, sofern nicht anders angegeben. Unerlaubte Vervielf\u00e4ltigung ist verboten.<\/p><h3 data-start=\"3196\" data-end=\"3218\">7. Geltendes Recht<\/h3><p data-start=\"3220\" data-end=\"3282\">Diese Bedingungen unterliegen den Gesetzen des Staates Israel.<\/p>\t\t\t\t\t\t\t\t<\/div>\n\t\t\t\t<\/div>\n\t\t\t\t\t<\/div>\n\t\t\t\t<\/div>\n\t\t<div class=\"elementor-element elementor-element-2458c92 e-flex e-con-boxed e-con e-parent\" data-id=\"2458c92\" data-element_type=\"container\" data-e-type=\"container\">\n\t\t\t\t\t<div class=\"e-con-inner\">\n\t\t\t\t<div class=\"elementor-element elementor-element-9bc80a7 elementor-widget-divider--view-line elementor-widget elementor-widget-divider\" data-id=\"9bc80a7\" data-element_type=\"widget\" data-e-type=\"widget\" data-widget_type=\"divider.default\">\n\t\t\t\t<div class=\"elementor-widget-container\">\n\t\t\t\t\t\t\t<div class=\"elementor-divider\">\n\t\t\t<span class=\"elementor-divider-separator\">\n\t\t\t\t\t\t<\/span>\n\t\t<\/div>\n\t\t\t\t\t\t<\/div>\n\t\t\t\t<\/div>\n\t\t\t\t\t<\/div>\n\t\t\t\t<\/div>\n\t\t<div class=\"elementor-element elementor-element-a468f9b e-flex e-con-boxed e-con e-parent\" data-id=\"a468f9b\" data-element_type=\"container\" data-e-type=\"container\">\n\t\t\t\t\t<div class=\"e-con-inner\">\n\t\t\t\t<div class=\"elementor-element elementor-element-18eb706 elementor-widget elementor-widget-text-editor\" data-id=\"18eb706\" data-element_type=\"widget\" data-e-type=\"widget\" data-widget_type=\"text-editor.default\">\n\t\t\t\t<div class=\"elementor-widget-container\">\n\t\t\t\t\t\t\t\t\t<h2 data-start=\"3289\" data-end=\"3304\">Haftungsausschluss<\/h2><p data-start=\"3306\" data-end=\"3396\">Die auf <strong data-start=\"3334\" data-end=\"3350\">eSIM Reviews<\/strong> bereitgestellten Informationen dienen nur allgemeinen Informationszwecken.<\/p><ul data-start=\"3398\" data-end=\"3688\"><li data-start=\"3398\" data-end=\"3480\"><p data-start=\"3400\" data-end=\"3480\">Wir \u00fcbernehmen keine Garantie f\u00fcr die Richtigkeit, Vollst\u00e4ndigkeit oder Zuverl\u00e4ssigkeit der Informationen.<\/p><\/li><li data-start=\"3481\" data-end=\"3556\"><p data-start=\"3483\" data-end=\"3556\">Wir sind <strong data-start=\"3490\" data-end=\"3497\">nicht<\/strong> verantwortlich f\u00fcr Entscheidungen, die auf der Grundlage unserer Inhalte getroffen werden.<\/p><\/li><li data-start=\"3557\" data-end=\"3614\"><p data-start=\"3559\" data-end=\"3614\">Ihre Handlungen und Entscheidungen erfolgen auf eigenes Risiko.<\/p><\/li><li data-start=\"3615\" data-end=\"3688\"><p data-start=\"3617\" data-end=\"3688\">Recherchieren Sie immer selbst, bevor Sie ein Produkt oder eine Dienstleistung kaufen.<\/p><\/li><\/ul><p data-start=\"3690\" data-end=\"3818\">Affiliate-Haftungsausschluss: Wir k\u00f6nnen Provisionen durch Links auf dieser Website verdienen. Dies beeinflusst unsere Bewertungen oder Meinungen nicht.<\/p><p data-start=\"3820\" data-end=\"3945\"><strong data-start=\"3820\" data-end=\"3847\">Keine professionelle Beratung:<\/strong><br data-start=\"3847\" data-end=\"3850\">Die Inhalte auf dieser Website stellen keine professionelle, rechtliche, finanzielle oder technische Beratung dar.<\/p>\t\t\t\t\t\t\t\t<\/div>\n\t\t\t\t<\/div>\n\t\t\t\t\t<\/div>\n\t\t\t\t<\/div>\n\t\t<div class=\"elementor-element elementor-element-72daeb9 e-flex e-con-boxed e-con e-parent\" data-id=\"72daeb9\" data-element_type=\"container\" data-e-type=\"container\">\n\t\t\t\t\t<div class=\"e-con-inner\">\n\t\t\t\t<div class=\"elementor-element elementor-element-0a04d69 elementor-widget-divider--view-line elementor-widget elementor-widget-divider\" data-id=\"0a04d69\" data-element_type=\"widget\" data-e-type=\"widget\" data-widget_type=\"divider.default\">\n\t\t\t\t<div class=\"elementor-widget-container\">\n\t\t\t\t\t\t\t<div class=\"elementor-divider\">\n\t\t\t<span class=\"elementor-divider-separator\">\n\t\t\t\t\t\t<\/span>\n\t\t<\/div>\n\t\t\t\t\t\t<\/div>\n\t\t\t\t<\/div>\n\t\t\t\t\t<\/div>\n\t\t\t\t<\/div>\n\t\t<div class=\"elementor-element elementor-element-2a4fb0e e-flex e-con-boxed e-con e-parent\" data-id=\"2a4fb0e\" data-element_type=\"container\" data-e-type=\"container\">\n\t\t\t\t\t<div class=\"e-con-inner\">\n\t\t\t\t<div class=\"elementor-element elementor-element-4b014ca elementor-widget elementor-widget-text-editor\" data-id=\"4b014ca\" data-element_type=\"widget\" data-e-type=\"widget\" data-widget_type=\"text-editor.default\">\n\t\t\t\t<div class=\"elementor-widget-container\">\n\t\t\t\t\t\t\t\t\t<h2 data-start=\"3952\" data-end=\"3967\">Kontaktieren Sie uns<\/h2><p data-start=\"3969\" data-end=\"4056\">Wenn Sie Fragen zu unseren Datenschutzbestimmungen, Bedingungen oder unserem Haftungsausschluss haben, kontaktieren Sie uns bitte:<\/p><p data-start=\"4058\" data-end=\"4095\"><strong data-start=\"4058\" data-end=\"4068\">Email:<\/strong> <a class=\"cursor-pointer\" href=\"mailto:contact-us@esim-reviews.com\" rel=\"noopener\" data-start=\"4069\" data-end=\"4093\">contact-us@esim-reviews.com<\/a><\/p>\t\t\t\t\t\t\t\t<\/div>\n\t\t\t\t<\/div>\n\t\t\t\t\t<\/div>\n\t\t\t\t<\/div>\n\t\t\t\t<\/div>\n\t\t","protected":false},"excerpt":{"rendered":"<p>Willkommen bei eSIM Reviews. Durch die Nutzung dieser Website stimmen Sie den folgenden Bedingungen zu: 1. \u00dcber unsere Inhalte Unsere Inhalte dienen ausschlie\u00dflich Informations- und Bildungszwecken. Wir bieten unabh\u00e4ngige Bewertungen, Vergleiche und Leitf\u00e4den zu eSIM-Anbietern. Wir verkaufen oder vermitteln keine eSIM-Dienste direkt. 2. Affiliate-Offenlegung Wir k\u00f6nnen Provisionen f\u00fcr K\u00e4ufe erhalten, die \u00fcber Affiliate-Links auf dieser [&hellip;]<\/p>\n","protected":false},"author":1,"featured_media":0,"parent":0,"menu_order":0,"comment_status":"closed","ping_status":"closed","template":"","meta":{"footnotes":""},"class_list":["post-13148","page","type-page","status-publish","hentry"],"_links":{"self":[{"href":"https:\/\/esim-reviews.com\/de\/wp-json\/wp\/v2\/pages\/13148","targetHints":{"allow":["GET"]}}],"collection":[{"href":"https:\/\/esim-reviews.com\/de\/wp-json\/wp\/v2\/pages"}],"about":[{"href":"https:\/\/esim-reviews.com\/de\/wp-json\/wp\/v2\/types\/page"}],"author":[{"embeddable":true,"href":"https:\/\/esim-reviews.com\/de\/wp-json\/wp\/v2\/users\/1"}],"replies":[{"embeddable":true,"href":"https:\/\/esim-reviews.com\/de\/wp-json\/wp\/v2\/comments?post=13148"}],"version-history":[{"count":0,"href":"https:\/\/esim-reviews.com\/de\/wp-json\/wp\/v2\/pages\/13148\/revisions"}],"wp:attachment":[{"href":"https:\/\/esim-reviews.com\/de\/wp-json\/wp\/v2\/media?parent=13148"}],"curies":[{"name":"wp","href":"https:\/\/api.w.org\/{rel}","templated":true}]}}